{"id":38,"date":"2022-05-03T13:47:51","date_gmt":"2022-05-03T11:47:51","guid":{"rendered":"https:\/\/trails.cryptomania.cz\/cevak\/?page_id=38"},"modified":"2022-06-29T00:41:00","modified_gmt":"2022-06-28T22:41:00","slug":"o-hre","status":"publish","type":"page","link":"https:\/\/trails.cryptomania.cz\/cevak\/o-hre\/","title":{"rendered":"O h\u0159e"},"content":{"rendered":"<div class=\"lazyblock-cryptorace-perex-Z1GD25p wp-block-lazyblock-cryptorace-perex\"><div class=\"row mb-4\">\n    <div class=\"col col-lg-10 col-xxl-8 offset-lg-1 offset-xxl-2 text-perex\">\n        <p>Kachna na prameni je t\u00fdmov\u00e1 \u0161ifrovac\u00ed hra, d\u00edky kter\u00e9 netradi\u010dn\u00edm zp\u016fsobem projdete centrem \u010cesk\u00fdch Bud\u011bjovic. <strong>V\u00e1\u0161 t\u00fdm o 2\u20135 hr\u00e1\u010d\u00edch proch\u00e1z\u00ed p\u0159edem p\u0159ipravenou trasou, na kter\u00e9 lu\u0161t\u00ed \u0161ifry, \u0159e\u0161\u00ed logick\u00e9 \u00fakoly a\u00a0z\u00edsk\u00e1v\u00e1 hesla.<\/strong>\u00a0V\u017edy po zad\u00e1n\u00ed spr\u00e1vn\u00e9ho hesla do online hern\u00edho syst\u00e9mu na t\u011bchto str\u00e1nk\u00e1ch se dozv\u00edte polohu dal\u0161\u00edho stanovi\u0161t\u011b.<\/p>    <\/div>\n<\/div>\n<\/div>\n\n<div class=\"lazyblock-cryptorace-two-cols-box-Z1C2gMw wp-block-lazyblock-cryptorace-two-cols-box\"><div class=\"row mb-3\">\n    <div class=\"col col-md-6 col-lg-5 col-xxl-4 offset-lg-1 offset-xxl-2\">\n        <h2>Co pot\u0159ebujete ke h\u0159e:<\/h2>\n<ol>\n<li>P\u0159e\u010d\u00edst si <a href=\"https:\/\/trails.cryptomania.cz\/cevak\/pravidla\/\">pravidla hry,<\/a><\/li>\n<li><a href=\"https:\/\/trails.cryptomania.cz\/cevak\/registrace-tymu\/\">zaregistrovat t\u00fdm<\/a> do hry,<\/li>\n<li>hern\u00ed bro\u017eura (<em>p\u0159e\u010dt\u011bte si v r\u00e1me\u010dku, jak ji z\u00edskat<\/em>)<\/li>\n<li>psac\u00ed pot\u0159eby<\/li>\n<li>alespo\u0148 1 chytr\u00fd telefon s p\u0159ipojen\u00edm na internet,<\/li>\n<li>hodinu a\u017e dv\u011b va\u0161eho \u010dasu. To je v\u0161e!<\/li>\n<\/ol>\n<p><!-- \/wp:heading --> <!-- wp:paragraph --><\/p>\n<h2>Pro koho je hra ur\u010dena<\/h2>\n<p><!-- \/wp:heading --> <!-- wp:paragraph --><\/p>\n<p><strong>Hra je ur\u010dena pro 2\u20135 \u010dlenn\u00e9 t\u00fdmy. Hru si u\u017eij\u00ed jak t\u00fdmy hrav\u00fdch dosp\u011bl\u00fdch, tak rodiny s d\u011btmi.<\/strong> Hru si u\u017eij\u00ed naplno d\u011bti cca od 10 let, nicm\u00e9n\u011b \u0161ikovn\u00ed rodi\u010de, u\u010ditel\u00e9 \u010di odd\u00edlov\u00ed vedouc\u00ed zapoj\u00ed ur\u010dit\u011b i mlad\u0161\u00ed d\u011bti.<\/p>\n<p><!-- \/wp:paragraph --> <!-- wp:paragraph --><\/p>\n<p>V p\u0159\u00edpad\u011b, \u017ee hru bude hr\u00e1t t\u00fdm d\u011bt\u00ed bez dosp\u011bl\u00fdch, doporu\u010dujeme ji d\u011btem cca od 14 let. V pr\u016fb\u011bhu hry se budou d\u011bti pohybovat na \u00fazem\u00ed mezi Vod\u00e1renskou v\u011b\u017e\u00ed a n\u00e1m\u011bst\u00edm P\u0159emysla Otakara II.<\/p>    <\/div>\n    <div class=\"col-12 col-md-6 col-lg-5 col-xxl-4\">\n        <div class=\"bg-box1 p-4 mb-3\">\n            <h2>Hern\u00ed bro\u017eura<\/h2>\n<p>Hern\u00ed bro\u017euru si m\u016f\u017eete <strong>vytisknout \u010di vyzvednout. <\/strong>V\u00edce informac\u00ed, v\u010detn\u011b n\u00e1vodu k tisku najdete po registraci a p\u0159ihl\u00e1\u0161en\u00ed na str\u00e1nce &#8222;Hern\u00ed materi\u00e1ly&#8220;.<\/p>\n<h3>Soubory k tisku:<\/h3>\n<ul>\n<li><a href=\"https:\/\/trails.cryptomania.cz\/cevak\/wp-content\/uploads\/sites\/85\/2022\/06\/2022_06_28_-_herni_brozura_budejovice_-_a5_barevna.pdf\">Plnobarevn\u00fd tisk ve form\u00e1tu bro\u017eury<\/a>.<\/li>\n<li><a href=\"https:\/\/trails.cryptomania.cz\/cevak\/wp-content\/uploads\/sites\/85\/2022\/06\/2022_06_28_-_herni_brozura_budejovice_-_a5_bw.pdf\">\u00dasporn\u00fd tisk ve form\u00e1tu bro\u017eury<\/a>.<br \/><br \/><\/li>\n<li><a href=\"https:\/\/trails.cryptomania.cz\/cevak\/wp-content\/uploads\/sites\/85\/2022\/06\/2022_06_28_-_herni_brozura_budejovice_-_a4_barevna.pdf\">Plnobarevn\u00fd tisk na A4<\/a><\/li>\n<li><a href=\"https:\/\/trails.cryptomania.cz\/cevak\/wp-content\/uploads\/sites\/85\/2022\/06\/2022_06_28_-_herni_brozura_budejovice_-_a4_bw.pdf\">\u00dasporn\u00fd tisk na A4<\/a><\/li>\n<\/ul>\n<h3>M\u00edsto, kde lze bro\u017euru vyzvednout:<\/h3>\n<ul>\n<li>Hern\u00ed bro\u017eurku si fyzicky m\u016f\u017eete vyzvednout na prvn\u00edm stanovi\u0161ti hry v are\u00e1lu Vod\u00e1rensk\u00e9 v\u011b\u017ee v \u010cesk\u00fdch Bud\u011bjovic\u00edch.<\/li>\n<\/ul>        <\/div>\n    <\/div>\n<\/div>\n<\/div>\n\n<div class=\"lazyblock-cryptorace-text-ZJBIPu wp-block-lazyblock-cryptorace-text\"><div class=\"row\">\n    <div class=\"col col-md-7 col-lg-6 col-xxl-5 offset-lg-1 offset-xxl-2\">\n        <p><!-- wp:paragraph --><\/p>\n<h2>Jak dlouho hra trv\u00e1?<\/h2>\n<p><!-- \/wp:heading --> <!-- wp:paragraph --><\/p>\n<p>Hra Kachna na prameni obsahuje 8 stanovi\u0161\u0165. Mysl\u00edme si, \u017ee hru je mo\u017en\u00e9 pohodln\u011b zvl\u00e1dnout do dvou hodin.<\/p>\n<p><!-- \/wp:paragraph --> <!-- wp:heading --><\/p>\n<h2>Kde hra za\u010d\u00edn\u00e1?<\/h2>\n<p><!-- \/wp:heading --> <!-- wp:paragraph --><\/p>\n<p>Hra za\u010d\u00edn\u00e1 v are\u00e1lu Vod\u00e1rensk\u00e9 v\u011b\u017ee v \u010cesk\u00fdch Bud\u011bjovic\u00edch, adresa M\u00e1nesova 41\/6. Vstupte do are\u00e1lu a projd\u011bte na n\u00e1dvo\u0159\u00ed mezi budovami. Nedaleko font\u00e1ny uvid\u00edte hn\u011bdou truhlu. Po p\u0159ihl\u00e1\u0161en\u00ed do hry zjist\u00edte, jak truhlu otev\u0159\u00edt a zah\u00e1jit hru.<\/p>\n<p><!-- \/wp:paragraph --> <!-- wp:shortcode --> <div style='position: relative;'><div title='48.9679172N, 14.4687711E' id='m55169' style='width: 100%; height: 400px;'><\/div><\/div><p class='text-end'><small><a href='https:\/\/mapy.cz\/turisticka?source=coor&id=14.4687711%2C48.9679172&ds=2&x=14.4687711&y=48.9679172&z=18' target='_blank'>Zobrazit na mapy.cz<\/a><\/small><\/p> <!-- \/wp:shortcode --> <!-- wp:heading --><\/p>\n<h2>Kdo za hrou stoj\u00ed?<\/h2>\n<p><!-- \/wp:heading --> <!-- wp:paragraph --><\/p>\n<p>Origin\u00e1ln\u00ed \u0161ifrovac\u00ed hru pro v\u00e1s p\u0159ipravila vod\u00e1rensk\u00e1 spole\u010dnost <a href=\"https:\/\/www.cevak.cz\/\">\u010cEVAK a.s.<\/a> ve spolupr\u00e1ci s <a href=\"https:\/\/www.cryptomania.cz\/\">Cryptomania s.r.o.<\/a><\/p>\n<p><!-- \/wp:paragraph --> <!-- wp:paragraph --><\/p>\n<p>Pokud se chcete na n\u011bco ohledn\u011b hry zeptat \u010di n\u00e1m n\u011bco napsat &#8211; nev\u00e1hejte. Koukn\u011bte na str\u00e1nku <a href=\"https:\/\/trails.cryptomania.cz\/cevak\/kontakt\/\">kontakt <\/a>&#8211; najdete tam informaci o tom, kdo m\u00e1 tuto hru na starost.<\/p>\n<p><!-- \/wp:paragraph --> <!-- wp:paragraph --><\/p>\n<p>P\u0159ejeme p\u0159\u00edjemnou hru!<\/p>\n<p><!-- \/wp:paragraph --><\/p>    <\/div>\n<\/div>\n<\/div>","protected":false},"excerpt":{"rendered":"","protected":false},"author":30920,"featured_media":0,"parent":0,"menu_order":0,"comment_status":"closed","ping_status":"closed","template":"","meta":{"footnotes":""},"class_list":["post-38","page","type-page","status-publish","hentry"],"yoast_head":"<!-- This site is optimized with the Yoast SEO plugin v27.3 - https:\/\/yoast.com\/product\/yoast-seo-wordpress\/ -->\n<title>O h\u0159e - Kachna na prameni<\/title>\n<meta name=\"robots\" content=\"index, follow, max-snippet:-1, max-image-preview:large, max-video-preview:-1\" \/>\n<link rel=\"canonical\" href=\"https:\/\/trails.cryptomania.cz\/cevak\/o-hre\/\" \/>\n<meta property=\"og:locale\" content=\"cs_CZ\" \/>\n<meta property=\"og:type\" content=\"article\" \/>\n<meta property=\"og:title\" content=\"O h\u0159e - Kachna na prameni\" \/>\n<meta property=\"og:url\" content=\"https:\/\/trails.cryptomania.cz\/cevak\/o-hre\/\" \/>\n<meta property=\"og:site_name\" content=\"Kachna na prameni\" \/>\n<meta property=\"article:modified_time\" content=\"2022-06-28T22:41:00+00:00\" \/>\n<meta name=\"twitter:card\" content=\"summary_large_image\" \/>\n<script type=\"application\/ld+json\" class=\"yoast-schema-graph\">{\"@context\":\"https:\\\/\\\/schema.org\",\"@graph\":[{\"@type\":\"WebPage\",\"@id\":\"https:\\\/\\\/trails.cryptomania.cz\\\/cevak\\\/o-hre\\\/\",\"url\":\"https:\\\/\\\/trails.cryptomania.cz\\\/cevak\\\/o-hre\\\/\",\"name\":\"O h\u0159e - Kachna na prameni\",\"isPartOf\":{\"@id\":\"https:\\\/\\\/trails.cryptomania.cz\\\/cevak\\\/#website\"},\"datePublished\":\"2022-05-03T11:47:51+00:00\",\"dateModified\":\"2022-06-28T22:41:00+00:00\",\"breadcrumb\":{\"@id\":\"https:\\\/\\\/trails.cryptomania.cz\\\/cevak\\\/o-hre\\\/#breadcrumb\"},\"inLanguage\":\"cs\",\"potentialAction\":[{\"@type\":\"ReadAction\",\"target\":[\"https:\\\/\\\/trails.cryptomania.cz\\\/cevak\\\/o-hre\\\/\"]}]},{\"@type\":\"BreadcrumbList\",\"@id\":\"https:\\\/\\\/trails.cryptomania.cz\\\/cevak\\\/o-hre\\\/#breadcrumb\",\"itemListElement\":[{\"@type\":\"ListItem\",\"position\":1,\"name\":\"Dom\u016f\",\"item\":\"https:\\\/\\\/trails.cryptomania.cz\\\/cevak\\\/\"},{\"@type\":\"ListItem\",\"position\":2,\"name\":\"O h\u0159e\"}]},{\"@type\":\"WebSite\",\"@id\":\"https:\\\/\\\/trails.cryptomania.cz\\\/cevak\\\/#website\",\"url\":\"https:\\\/\\\/trails.cryptomania.cz\\\/cevak\\\/\",\"name\":\"Kachna na prameni\",\"description\":\"Nap\u00ednav\u00e1 hra o d\u016fle\u017eitosti vody\",\"potentialAction\":[{\"@type\":\"SearchAction\",\"target\":{\"@type\":\"EntryPoint\",\"urlTemplate\":\"https:\\\/\\\/trails.cryptomania.cz\\\/cevak\\\/?s={search_term_string}\"},\"query-input\":{\"@type\":\"PropertyValueSpecification\",\"valueRequired\":true,\"valueName\":\"search_term_string\"}}],\"inLanguage\":\"cs\"}]}<\/script>\n<!-- \/ Yoast SEO plugin. -->","yoast_head_json":{"title":"O h\u0159e - Kachna na prameni","robots":{"index":"index","follow":"follow","max-snippet":"max-snippet:-1","max-image-preview":"max-image-preview:large","max-video-preview":"max-video-preview:-1"},"canonical":"https:\/\/trails.cryptomania.cz\/cevak\/o-hre\/","og_locale":"cs_CZ","og_type":"article","og_title":"O h\u0159e - Kachna na prameni","og_url":"https:\/\/trails.cryptomania.cz\/cevak\/o-hre\/","og_site_name":"Kachna na prameni","article_modified_time":"2022-06-28T22:41:00+00:00","twitter_card":"summary_large_image","schema":{"@context":"https:\/\/schema.org","@graph":[{"@type":"WebPage","@id":"https:\/\/trails.cryptomania.cz\/cevak\/o-hre\/","url":"https:\/\/trails.cryptomania.cz\/cevak\/o-hre\/","name":"O h\u0159e - Kachna na prameni","isPartOf":{"@id":"https:\/\/trails.cryptomania.cz\/cevak\/#website"},"datePublished":"2022-05-03T11:47:51+00:00","dateModified":"2022-06-28T22:41:00+00:00","breadcrumb":{"@id":"https:\/\/trails.cryptomania.cz\/cevak\/o-hre\/#breadcrumb"},"inLanguage":"cs","potentialAction":[{"@type":"ReadAction","target":["https:\/\/trails.cryptomania.cz\/cevak\/o-hre\/"]}]},{"@type":"BreadcrumbList","@id":"https:\/\/trails.cryptomania.cz\/cevak\/o-hre\/#breadcrumb","itemListElement":[{"@type":"ListItem","position":1,"name":"Dom\u016f","item":"https:\/\/trails.cryptomania.cz\/cevak\/"},{"@type":"ListItem","position":2,"name":"O h\u0159e"}]},{"@type":"WebSite","@id":"https:\/\/trails.cryptomania.cz\/cevak\/#website","url":"https:\/\/trails.cryptomania.cz\/cevak\/","name":"Kachna na prameni","description":"Nap\u00ednav\u00e1 hra o d\u016fle\u017eitosti vody","potentialAction":[{"@type":"SearchAction","target":{"@type":"EntryPoint","urlTemplate":"https:\/\/trails.cryptomania.cz\/cevak\/?s={search_term_string}"},"query-input":{"@type":"PropertyValueSpecification","valueRequired":true,"valueName":"search_term_string"}}],"inLanguage":"cs"}]}},"_links":{"self":[{"href":"https:\/\/trails.cryptomania.cz\/cevak\/wp-json\/wp\/v2\/pages\/38","targetHints":{"allow":["GET"]}}],"collection":[{"href":"https:\/\/trails.cryptomania.cz\/cevak\/wp-json\/wp\/v2\/pages"}],"about":[{"href":"https:\/\/trails.cryptomania.cz\/cevak\/wp-json\/wp\/v2\/types\/page"}],"author":[{"embeddable":true,"href":"https:\/\/trails.cryptomania.cz\/cevak\/wp-json\/wp\/v2\/users\/30920"}],"replies":[{"embeddable":true,"href":"https:\/\/trails.cryptomania.cz\/cevak\/wp-json\/wp\/v2\/comments?post=38"}],"version-history":[{"count":9,"href":"https:\/\/trails.cryptomania.cz\/cevak\/wp-json\/wp\/v2\/pages\/38\/revisions"}],"predecessor-version":[{"id":234,"href":"https:\/\/trails.cryptomania.cz\/cevak\/wp-json\/wp\/v2\/pages\/38\/revisions\/234"}],"wp:attachment":[{"href":"https:\/\/trails.cryptomania.cz\/cevak\/wp-json\/wp\/v2\/media?parent=38"}],"curies":[{"name":"wp","href":"https:\/\/api.w.org\/{rel}","templated":true}]}}