{"id":51,"date":"2023-05-28T21:15:19","date_gmt":"2023-05-28T19:15:19","guid":{"rendered":"https:\/\/trails.cryptomania.cz\/brno-v-cislech\/?page_id=51"},"modified":"2025-04-11T13:14:05","modified_gmt":"2025-04-11T11:14:05","slug":"o-hre","status":"publish","type":"page","link":"https:\/\/trails.cryptomania.cz\/brno-v-cislech\/o-hre\/","title":{"rendered":"O h\u0159e"},"content":{"rendered":"<div class=\"lazyblock-cryptorace-perex-haBjA wp-block-lazyblock-cryptorace-perex\"><div class=\"row mb-4\">\n    <div class=\"col col-lg-10 col-xxl-8 offset-lg-1 offset-xxl-2 text-perex\">\n        <p>Statistika nuda je? Ale kde\u017ee! Dok\u00e1\u017eeme v\u00e1m, \u017ee statistiky, \u010d\u00edsla a data um\u00ed b\u00fdt z\u00e1bavn\u00fd par\u0165\u00e1k, kter\u00fd v\u00e1m z\u00e1rove\u0148 um\u00ed uk\u00e1zat spoustu zaj\u00edmav\u00fdch informac\u00ed. V\u00edte t\u0159eba, kolik lid\u00ed denn\u011b projde Masarykovou ulic\u00ed? Kolik cestuj\u00edc\u00edch odbavilo leti\u0161t\u011b v Tu\u0159anech? Kolik zv\u00ed\u0159at a jak\u00e9ho druhu m\u00e1me v brn\u011bnsk\u00e9 zoo? A\u0165 u\u017e se v\u00e1m v hlav\u011b objev\u00ed n\u011bjak\u00fd odhad \u010di ne, poj\u010fte se na tyhle a dal\u0161\u00ed v\u011bci pod\u00edvat v na\u0161\u00ed \u0161ifrovac\u00ed h\u0159e! A str\u00e1nky <a href=\"https:\/\/data.brno.cz\/\" target=\"_blank\" rel=\"noreferrer noopener\">Brno v \u010d\u00edslech<\/a> m\u016f\u017eete prozkoumat p\u0159edt\u00edm, potom nebo b\u011bhem \u0161ifrov\u00e1n\u00ed&#8230;<\/p>    <\/div>\n<\/div>\n<\/div>\n\n<div class=\"lazyblock-cryptorace-two-cols-box-ekYqT wp-block-lazyblock-cryptorace-two-cols-box\"><div class=\"row mb-3\">\n    <div class=\"col col-md-6 col-lg-5 col-xxl-4 offset-lg-1 offset-xxl-2\">\n        <h2>Jak hra funguje?<\/h2>\n<p>V na\u0161\u00ed h\u0159e se vyd\u00e1te prozkoumat <strong>Brno v \u010d\u00edslech<\/strong>.&nbsp;<strong>Bu\u010f sami nebo v t\u00fdmu do maxim\u00e1ln\u00edho po\u010dtu 5<\/strong> <strong>hr\u00e1\u010d\u016f<\/strong>&nbsp;v\u00e1s \u010dek\u00e1 <strong>7 \u00fakol\u016f. <\/strong>Dozv\u00edte se zaj\u00edmavosti o statistik\u00e1ch a \u010d\u00edslech, kter\u00e9 se v\u00e1\u017eou k \u017eivotu v Brn\u011b. \u010cekaj\u00ed v\u00e1s <strong>\u0161ifry, logick\u00e9 \u00falohy a&nbsp;z\u00edsk\u00e1v\u00e1n\u00ed hesel<\/strong>.<\/p>\n<p>V\u017edy po zad\u00e1n\u00ed spr\u00e1vn\u00e9ho hesla do online hern\u00edho syst\u00e9mu se v\u00e1m zobraz\u00ed dal\u0161\u00ed \u00fakol. Ke h\u0159e pot\u0159ebujete <strong>telefon s p\u0159ipojen\u00edm k internetu, tablet \u010di po\u010d\u00edta\u010d<\/strong>. Hodit se m\u016f\u017ee i tu\u017eka a pap\u00edr, ale nen\u00ed to nutn\u00e9.<\/p>\n<h2>Pro koho je ur\u010dena?<\/h2>\n<p><strong>Hra je ur\u010dena pro jednotlivce a a\u017e 5\u010dlenn\u00e9 t\u00fdmy. Je vhodn\u00e1 jak pro hrav\u00e9 dosp\u011bl\u00e9, tak i star\u0161\u00ed d\u011bti.<\/strong> Naplno si ji u\u017eij\u00ed d\u011bti cca od 12 let (druh\u00fd stupe\u0148 Z\u0160), kde nicm\u00e9n\u011b p\u0159edpokl\u00e1d\u00e1me zapojen\u00ed u\u010ditele, rodi\u010d\u016f \u010di ak\u010dn\u00edho odd\u00edlov\u00e9ho vedouc\u00edho.<\/p>\n<p>V p\u0159\u00edpad\u011b, \u017ee hru budou hr\u00e1t d\u011bti bez dosp\u011bl\u00fdch, doporu\u010dujeme ji d\u011btem od 14 let.&nbsp;<\/p>    <\/div>\n    <div class=\"col-12 col-md-6 col-lg-5 col-xxl-4\">\n        <div class=\"bg-box1 p-4 mb-3\">\n            <p><img loading=\"lazy\" decoding=\"async\" width=\"880\" height=\"539\" class=\"alignnone size-full wp-image-141 img-fluid\" src=\"https:\/\/trails.cryptomania.cz\/brno-v-cislech\/wp-content\/uploads\/sites\/98\/2023\/05\/data-brno-mockup-1.png\" alt=\"\" srcset=\"https:\/\/trails.cryptomania.cz\/brno-v-cislech\/wp-content\/uploads\/sites\/98\/2023\/05\/data-brno-mockup-1.png 880w, https:\/\/trails.cryptomania.cz\/brno-v-cislech\/wp-content\/uploads\/sites\/98\/2023\/05\/data-brno-mockup-1-300x184.png 300w, https:\/\/trails.cryptomania.cz\/brno-v-cislech\/wp-content\/uploads\/sites\/98\/2023\/05\/data-brno-mockup-1-768x470.png 768w\" sizes=\"auto, (max-width: 880px) 100vw, 880px\" \/><\/p>        <\/div>\n    <\/div>\n<\/div>\n<\/div>\n\n<div class=\"lazyblock-cryptorace-text-Z1iLtou wp-block-lazyblock-cryptorace-text\"><div class=\"row\">\n    <div class=\"col col-md-7 col-lg-6 col-xxl-5 offset-lg-1 offset-xxl-2\">\n        <h2>Kde hra za\u010d\u00edn\u00e1?<\/h2>\n<p><!-- \/wp:heading -->\n\n<!-- wp:paragraph --><\/p>\n<p>Hra je cel\u00e1 online. Za\u010d\u00edn\u00e1 tedy p\u0159esn\u011b tam, kde chcete zrovna b\u00fdt, pokud tam m\u00e1te p\u0159ipojen\u00ed k internetu.<\/p>\n<h2>Jak dlouho hra trv\u00e1?<\/h2>\n<p><!-- \/wp:heading -->\n\n<!-- wp:paragraph --><\/p>\n<p>Hra Brno v \u010d\u00edslech obsahuje 7 \u00fakol\u016f. Mysl\u00edme si, \u017ee hru je mo\u017en\u00e9 zvl\u00e1dnout do hodiny. Pokud v\u00e1s zaj\u00edm\u00e1, jak hru zvl\u00e1dly ostatn\u00ed t\u00fdmy, pod\u00edvejte se na jejich <a href=\"https:\/\/trails.cryptomania.cz\/brno-v-cislech\/vysledky-hry\/\">v\u00fdsledky<\/a>.<\/p>\n<h2>Co je ke h\u0159e pot\u0159eba?<\/h2>\n<ol>\n<li>P\u0159e\u010d\u00edst si <a href=\"https:\/\/trails.cryptomania.cz\/brno-v-cislech\/pravidla\/\">pravidla hry,<\/a><\/li>\n<li>m\u00edt chytr\u00fd telefon, tablet nebo po\u010d\u00edta\u010d s p\u0159ipojen\u00edm na internet,<\/li>\n<li>mohou se hodit psac\u00ed pot\u0159eby,<\/li>\n<li><a href=\"https:\/\/trails.cryptomania.cz\/brno-v-cislech\/registrace\/\">zaregistrovat t\u00fdm <\/a>do hry.<\/li>\n<\/ol>\n<h2>Hr\u00e1l jsem v minul\u00e9m roce. M\u016f\u017eu hr\u00e1t letos?<\/h2>\n<p>Ano, \u0161ifry a \u00fakoly jsou \u00fapln\u011b nov\u00e9 a u\u017eijete si je, i kdy\u017e jste s n\u00e1mi hr\u00e1li loni.<\/p>\n<h2>Kdo hru vytvo\u0159il?<\/h2>\n<p><!-- \/wp:heading -->\n\n<!-- wp:paragraph --><\/p>\n<p>Origin\u00e1ln\u00ed \u0161ifrovac\u00ed hru pro v\u00e1s p\u0159ipravilo <a href=\"https:\/\/www.brno.cz\/w\/oddeleni-dat-analyz-a-evaluaci\" target=\"_blank\" rel=\"noopener\">Odd\u011blen\u00ed dat, anal\u00fdz a evaluac\u00ed Magistr\u00e1tu m\u011bsta Brna<\/a> ve spolupr\u00e1ci s&nbsp;<a href=\"https:\/\/www.cryptomania.cz\/\">Cryptomania s.r.o.<\/a><\/p>\n<p><!-- \/wp:paragraph -->\n\n<!-- wp:paragraph --><\/p>\n<p>Pokud m\u00e1te ohledn\u011b hry n\u011bjak\u00e9 ot\u00e1zky, nev\u00e1hejte <a href=\"https:\/\/trails.cryptomania.cz\/brno-v-cislech\/kontakt\/\">n\u00e1s kontaktovat<\/a>.<\/p>\n<p><!-- \/wp:paragraph -->\n\n<!-- wp:paragraph --><\/p>\n<p style=\"text-align: left;\">U\u017eijte si lu\u0161t\u011bn\u00ed!<\/p>    <\/div>\n<\/div>\n<\/div>","protected":false},"excerpt":{"rendered":"","protected":false},"author":1,"featured_media":0,"parent":0,"menu_order":0,"comment_status":"closed","ping_status":"closed","template":"","meta":{"footnotes":""},"class_list":["post-51","page","type-page","status-publish","hentry"],"_links":{"self":[{"href":"https:\/\/trails.cryptomania.cz\/brno-v-cislech\/wp-json\/wp\/v2\/pages\/51","targetHints":{"allow":["GET"]}}],"collection":[{"href":"https:\/\/trails.cryptomania.cz\/brno-v-cislech\/wp-json\/wp\/v2\/pages"}],"about":[{"href":"https:\/\/trails.cryptomania.cz\/brno-v-cislech\/wp-json\/wp\/v2\/types\/page"}],"author":[{"embeddable":true,"href":"https:\/\/trails.cryptomania.cz\/brno-v-cislech\/wp-json\/wp\/v2\/users\/1"}],"replies":[{"embeddable":true,"href":"https:\/\/trails.cryptomania.cz\/brno-v-cislech\/wp-json\/wp\/v2\/comments?post=51"}],"version-history":[{"count":14,"href":"https:\/\/trails.cryptomania.cz\/brno-v-cislech\/wp-json\/wp\/v2\/pages\/51\/revisions"}],"predecessor-version":[{"id":305,"href":"https:\/\/trails.cryptomania.cz\/brno-v-cislech\/wp-json\/wp\/v2\/pages\/51\/revisions\/305"}],"wp:attachment":[{"href":"https:\/\/trails.cryptomania.cz\/brno-v-cislech\/wp-json\/wp\/v2\/media?parent=51"}],"curies":[{"name":"wp","href":"https:\/\/api.w.org\/{rel}","templated":true}]}}