{"id":49,"date":"2023-05-28T21:15:10","date_gmt":"2023-05-28T19:15:10","guid":{"rendered":"https:\/\/trails.cryptomania.cz\/brno-v-cislech\/?page_id=49"},"modified":"2023-06-02T13:14:47","modified_gmt":"2023-06-02T11:14:47","slug":"kontakt","status":"publish","type":"page","link":"https:\/\/trails.cryptomania.cz\/brno-v-cislech\/kontakt\/","title":{"rendered":"Kontakt"},"content":{"rendered":"<div class=\"lazyblock-cryptorace-perex-Z24mxBS wp-block-lazyblock-cryptorace-perex\"><div class=\"row mb-4\">\n    <div class=\"col col-lg-10 col-xxl-8 offset-lg-1 offset-xxl-2 text-perex\">\n        <p>Hru pro v\u00e1s s l\u00e1skou p\u0159ipravili lid\u00e9 z Odd\u011blen\u00ed dat, anal\u00fdz a evaluac\u00ed Magistr\u00e1tu m\u011bsta Brna a t\u00fdm <a href=\"https:\/\/www.cryptomania.cz\/\">Cryptomania<\/a>.<\/p><p><strong>Provozovatel hry <\/strong>v\u00e1m pom\u016f\u017ee s ot\u00e1zkami na t\u00e9ma hry \u010di data v infoboxech. <strong>Auto\u0159i hry<\/strong> ocen\u00ed p\u0159ipom\u00ednky k \u0161ifr\u00e1m nebo\u00a0zp\u011btnou vazbu ke\u00a0h\u0159e.<\/p>    <\/div>\n<\/div>\n<\/div>\n\n<div class=\"lazyblock-cryptorace-contact-eKSts wp-block-lazyblock-cryptorace-contact\"><div class=\"row mt-3 row justify-content-center\">\n    <div class=\"col-12 col-md-4 col-lg-4 col-xxl-3\">\n        <h2 class=\"mb-3\">Provozovatel hry<\/h2>\n        <ul>\n            <li><strong>Odd\u011blen\u00ed dat, anal\u00fdz a evaluac\u00ed <br\/>Magistr\u00e1tu m\u011bsta Brna<\/strong><\/li>\n            <li><i class=\"fa-solid fa-phone-volume\"><\/i> &nbsp; <a\n                        href=\"tel:+420 542 175 255\">+420 542 175 255<\/a>\n            <\/li>\n            <li><i class=\"fa-regular fa-envelope\"><\/i> &nbsp; <a\n                        href=\"mailto:data@brno.cz\">data@brno.cz<\/a>\n            <\/li>\n        <\/ul>\n    <\/div>\n    <div class=\"col col-md-8 col-lg-6 col-xxl-5 text-center border-bottom pt-5\">\n        <img decoding=\"async\" src=\"https:\/\/trails.cryptomania.cz\/brno-v-cislech\/wp-content\/uploads\/sites\/98\/2023\/05\/logo-data-brno.png\"\n                 alt=\"Odd\u011blen\u00ed dat, anal\u00fdz a evaluac\u00ed <br\/>Magistr\u00e1tu m\u011bsta Brna&#8220; title=&#8220;Odd\u011blen\u00ed dat, anal\u00fdz a evaluac\u00ed <br\/>Magistr\u00e1tu m\u011bsta Brna&#8220;\n                 class=&#8220;img-fluid&#8220; style=&#8220;max-height: 400px;&#8220;>\n    <\/div>\n<\/div>\n<\/div>\n\n<div class=\"lazyblock-cryptorace-text-Z1VRIh0 wp-block-lazyblock-cryptorace-text\"><div class=\"row\">\n    <div class=\"col col-md-7 col-lg-6 col-xxl-5 offset-lg-1 offset-xxl-2\">\n        <p>\u00a0\u00a0 \u00a0<\/p>\n<p>\u00a0<\/p>    <\/div>\n<\/div>\n<\/div>\n\n<div class=\"lazyblock-cryptorace-contact-Z1nQx6P wp-block-lazyblock-cryptorace-contact\"><div class=\"row mt-3 row justify-content-center\">\n    <div class=\"col-12 col-md-4 col-lg-4 col-xxl-3\">\n        <h2 class=\"mb-3\">Auto\u0159i hry<\/h2>\n        <ul>\n            <li><strong>t\u00fdm Cryptomania <\/strong><\/li>\n            <li><i class=\"fa-solid fa-phone-volume\"><\/i> &nbsp; <a\n                        href=\"tel:+420 773 723 443\">+420 773 723 443<\/a>\n            <\/li>\n            <li><i class=\"fa-regular fa-envelope\"><\/i> &nbsp; <a\n                        href=\"mailto:hry@cryptomania.cz\">hry@cryptomania.cz<\/a>\n            <\/li>\n        <\/ul>\n    <\/div>\n    <div class=\"col col-md-8 col-lg-6 col-xxl-5 text-center border-bottom pt-5\">\n        <img decoding=\"async\" src=\"https:\/\/trails.cryptomania.cz\/brno-v-cislech\/wp-content\/uploads\/sites\/98\/2023\/05\/cryptoteam-1.png\"\n                 alt=\"t\u00fdm Cryptomania \" title=\"t\u00fdm Cryptomania \"\n                 class=\"img-fluid\" style=\"max-height: 400px;\">\n    <\/div>\n<\/div>\n<\/div>","protected":false},"excerpt":{"rendered":"","protected":false},"author":1,"featured_media":0,"parent":0,"menu_order":0,"comment_status":"closed","ping_status":"closed","template":"","meta":{"footnotes":""},"class_list":["post-49","page","type-page","status-publish","hentry"],"_links":{"self":[{"href":"https:\/\/trails.cryptomania.cz\/brno-v-cislech\/wp-json\/wp\/v2\/pages\/49","targetHints":{"allow":["GET"]}}],"collection":[{"href":"https:\/\/trails.cryptomania.cz\/brno-v-cislech\/wp-json\/wp\/v2\/pages"}],"about":[{"href":"https:\/\/trails.cryptomania.cz\/brno-v-cislech\/wp-json\/wp\/v2\/types\/page"}],"author":[{"embeddable":true,"href":"https:\/\/trails.cryptomania.cz\/brno-v-cislech\/wp-json\/wp\/v2\/users\/1"}],"replies":[{"embeddable":true,"href":"https:\/\/trails.cryptomania.cz\/brno-v-cislech\/wp-json\/wp\/v2\/comments?post=49"}],"version-history":[{"count":13,"href":"https:\/\/trails.cryptomania.cz\/brno-v-cislech\/wp-json\/wp\/v2\/pages\/49\/revisions"}],"predecessor-version":[{"id":179,"href":"https:\/\/trails.cryptomania.cz\/brno-v-cislech\/wp-json\/wp\/v2\/pages\/49\/revisions\/179"}],"wp:attachment":[{"href":"https:\/\/trails.cryptomania.cz\/brno-v-cislech\/wp-json\/wp\/v2\/media?parent=49"}],"curies":[{"name":"wp","href":"https:\/\/api.w.org\/{rel}","templated":true}]}}