{"id":311,"date":"2024-05-28T16:58:31","date_gmt":"2024-05-28T14:58:31","guid":{"rendered":"https:\/\/trails.cryptomania.cz\/brandys\/?page_id=311"},"modified":"2024-07-15T09:48:48","modified_gmt":"2024-07-15T07:48:48","slug":"herni-karta","status":"publish","type":"page","link":"https:\/\/trails.cryptomania.cz\/brandys\/herni-karta\/","title":{"rendered":"Hern\u00ed materi\u00e1ly"},"content":{"rendered":"<div class=\"lazyblock-cryptorace-perex-Z1NDfNW wp-block-lazyblock-cryptorace-perex\"><div class=\"row mb-4\">\n    <div class=\"col col-lg-10 col-xxl-8 offset-lg-1 offset-xxl-2 text-perex\">\n        <p>Mil\u00ed hr\u00e1\u010di. K tomu, abyste mohli hr\u00e1t hru \u0160ifry mistra Eduarda, je zapot\u0159eb\u00ed m\u00edt k dispozici hern\u00ed kartu nebo hern\u00ed bro\u017euru. Bu\u010f si je vyzvedn\u011bte nedaleko m\u00edsta startu nebo si je vytiskn\u011bte sami.<\/p>    <\/div>\n<\/div>\n<\/div>\n\n<div class=\"lazyblock-cryptorace-two-cols-box-Z1krQ88 wp-block-lazyblock-cryptorace-two-cols-box\"><div class=\"row mb-3\">\n    <div class=\"col col-md-6 col-lg-5 col-xxl-4 offset-lg-1 offset-xxl-2\">\n        <h2>Tisknete si hern\u00ed bro\u017euru \u010di kartu sami?<\/h2>\n<p><strong>Pokud si budete hern\u00ed materi\u00e1ly tisknout sami, p\u0159e\u010dtete si pros\u00edm pozorn\u011b n\u00e1sleduj\u00edc\u00ed n\u00e1vod.<\/strong><\/p>\n<p>Je na va\u0161ich mo\u017enostech, zda si vytisknete <strong>hern\u00ed kartu, kter\u00e1 je na jednom listu A4 a \u010dernob\u00edl\u00e1<\/strong>, nebo <strong>hern\u00ed bro\u017euru, kter\u00e1 je na 3 listech A4 a je barevn\u00e1<\/strong>. V\u011b\u0159\u00edme, \u017ee hra s hern\u00ed bro\u017eurou bude o chlup komfortn\u011bj\u0161\u00ed, proto\u017ee zad\u00e1n\u00ed jsou barevn\u00e1 a v\u011bt\u0161\u00ed.&nbsp;<\/p>    <\/div>\n    <div class=\"col-12 col-md-6 col-lg-5 col-xxl-4\">\n        <div class=\"bg-box1 p-4 mb-3\">\n            <p><img loading=\"lazy\" decoding=\"async\" width=\"1210\" height=\"1028\" class=\"alignnone size-full wp-image-249 img-fluid\" src=\"https:\/\/trails.cryptomania.cz\/brandys\/wp-content\/uploads\/sites\/106\/2024\/04\/brandys-brozura-do-prehledu-her.png\" alt=\"\" srcset=\"https:\/\/trails.cryptomania.cz\/brandys\/wp-content\/uploads\/sites\/106\/2024\/04\/brandys-brozura-do-prehledu-her.png 1210w, https:\/\/trails.cryptomania.cz\/brandys\/wp-content\/uploads\/sites\/106\/2024\/04\/brandys-brozura-do-prehledu-her-300x255.png 300w, https:\/\/trails.cryptomania.cz\/brandys\/wp-content\/uploads\/sites\/106\/2024\/04\/brandys-brozura-do-prehledu-her-1024x870.png 1024w, https:\/\/trails.cryptomania.cz\/brandys\/wp-content\/uploads\/sites\/106\/2024\/04\/brandys-brozura-do-prehledu-her-768x652.png 768w\" sizes=\"auto, (max-width: 1210px) 100vw, 1210px\" \/><\/p>        <\/div>\n    <\/div>\n<\/div>\n<\/div>\n\n<div class=\"lazyblock-cryptorace-text-1bOExj wp-block-lazyblock-cryptorace-text\"><div class=\"row\">\n    <div class=\"col col-md-7 col-lg-6 col-xxl-5 offset-lg-1 offset-xxl-2\">\n        <p>Aby se v\u00e1m dob\u0159e tisklo, p\u0159ikl\u00e1d\u00e1me doporu\u010den\u00ed k tisku. Odpov\u00edd\u00e1 nab\u00eddce programu Adobe Acrobat Reader, kter\u00fd je bezplatn\u011b dostupn\u00fd&nbsp;<a href=\"https:\/\/get.adobe.com\/cz\/reader\/\" target=\"_blank\" rel=\"noopener\">na str\u00e1nk\u00e1ch spole\u010dnosti Adobe<\/a>.<\/p>    <\/div>\n<\/div>\n<\/div>\n\n<div class=\"lazyblock-cryptorace-two-cols-box-Z2iSIz7 wp-block-lazyblock-cryptorace-two-cols-box\"><div class=\"row mb-3\">\n    <div class=\"col col-md-6 col-lg-5 col-xxl-4 offset-lg-1 offset-xxl-2\">\n        <h2>Hern\u00ed karta<\/h2>\n<p>Hern\u00ed karta je p\u0159ipraven\u00e1 k tisku \u010dernob\u00edle jako oboustrann\u00e1 A4 (\u010di 2 samostatn\u00e9 listy). Doporu\u010dujeme tisknout ve skute\u010dn\u00e9 velikosti, abyste si podklady necht\u011bn\u011b nezmen\u0161ili. Nic by se nestalo, ale bylo by to pro v\u00e1s m\u00e9n\u011b p\u0159\u00edjemn\u00e9.<\/p>    <\/div>\n    <div class=\"col-12 col-md-6 col-lg-5 col-xxl-4\">\n        <div class=\"bg-box1 p-4 mb-3\">\n            <h3>Pot\u0159ebn\u00fd soubor k tisku<\/h3>\n<ul>\n<li><a href=\"https:\/\/trails.cryptomania.cz\/brandys\/wp-content\/uploads\/sites\/106\/2024\/05\/2024_04_25_-_sifry_mistra_eduarda_-_herni_karta.pdf\">Hern\u00ed karta<\/a><\/li>\n<\/ul>        <\/div>\n    <\/div>\n<\/div>\n<\/div>\n\n<div class=\"lazyblock-cryptorace-two-cols-box-ZQnHVh wp-block-lazyblock-cryptorace-two-cols-box\"><div class=\"row mb-3\">\n    <div class=\"col col-md-6 col-lg-5 col-xxl-4 offset-lg-1 offset-xxl-2\">\n        <h2>Hern\u00ed bro\u017eura<\/h2>\n<p>Podklad v .pdf je p\u0159ipraven\u00fd pro oboustrann\u00fd tisk s nastaven\u00edm tisknout bro\u017euru. Ve v\u00fdsledku tak z\u00edsk\u00e1te v\u017edy dv\u011b A5 na jednom pap\u00edru A4 a budete si moci bro\u017euru sestavit tak, abyste j\u00ed mohli listovat, stejn\u011b jako kdybyste ji dostali od n\u00e1s.<\/p>    <\/div>\n    <div class=\"col-12 col-md-6 col-lg-5 col-xxl-4\">\n        <div class=\"bg-box1 p-4 mb-3\">\n            <h3>Pot\u0159ebn\u00fd soubor k tisku<\/h3>\n<ul>\n<li><a href=\"https:\/\/trails.cryptomania.cz\/brandys\/wp-content\/uploads\/sites\/106\/2024\/07\/2024_06_28_-_sifry_mistra_eduarda_-_herni_brozura_-_bez_orezu.pdf\">Hern\u00ed bro\u017eura<\/a><\/li>\n<\/ul>        <\/div>\n    <\/div>\n<\/div>\n<\/div>","protected":false},"excerpt":{"rendered":"","protected":false},"author":82,"featured_media":0,"parent":0,"menu_order":0,"comment_status":"closed","ping_status":"closed","template":"","meta":{"footnotes":""},"class_list":["post-311","page","type-page","status-publish","hentry"],"_links":{"self":[{"href":"https:\/\/trails.cryptomania.cz\/brandys\/wp-json\/wp\/v2\/pages\/311","targetHints":{"allow":["GET"]}}],"collection":[{"href":"https:\/\/trails.cryptomania.cz\/brandys\/wp-json\/wp\/v2\/pages"}],"about":[{"href":"https:\/\/trails.cryptomania.cz\/brandys\/wp-json\/wp\/v2\/types\/page"}],"author":[{"embeddable":true,"href":"https:\/\/trails.cryptomania.cz\/brandys\/wp-json\/wp\/v2\/users\/82"}],"replies":[{"embeddable":true,"href":"https:\/\/trails.cryptomania.cz\/brandys\/wp-json\/wp\/v2\/comments?post=311"}],"version-history":[{"count":8,"href":"https:\/\/trails.cryptomania.cz\/brandys\/wp-json\/wp\/v2\/pages\/311\/revisions"}],"predecessor-version":[{"id":343,"href":"https:\/\/trails.cryptomania.cz\/brandys\/wp-json\/wp\/v2\/pages\/311\/revisions\/343"}],"wp:attachment":[{"href":"https:\/\/trails.cryptomania.cz\/brandys\/wp-json\/wp\/v2\/media?parent=311"}],"curies":[{"name":"wp","href":"https:\/\/api.w.org\/{rel}","templated":true}]}}