{"id":14,"date":"2023-01-25T13:28:14","date_gmt":"2023-01-25T12:28:14","guid":{"rendered":"https:\/\/trails.cryptomania.cz\/brandys\/?page_id=14"},"modified":"2024-04-23T15:27:34","modified_gmt":"2024-04-23T13:27:34","slug":"kontakt","status":"publish","type":"page","link":"https:\/\/trails.cryptomania.cz\/brandys\/kontakt\/","title":{"rendered":"Kontakt"},"content":{"rendered":"<div class=\"lazyblock-cryptorace-perex-ZrybWE wp-block-lazyblock-cryptorace-perex\"><div class=\"row mb-4\">\n    <div class=\"col col-lg-10 col-xxl-8 offset-lg-1 offset-xxl-2 text-perex\">\n        <p>Hru pro v\u00e1s s l\u00e1skou p\u0159ipravili lid\u00e9 ze spole\u010dnost\u00ed\u00a0<a href=\"https:\/\/www.knihovna.brandysnl.cz\/\" target=\"_blank\" rel=\"noreferrer noopener\">Knihovna Eduarda Peti\u0161ky<\/a>\u00a0a\u00a0<a href=\"https:\/\/www.cryptomania.cz\/\">Cryptomania<\/a>.<\/p><p><strong>Provozovatel hry <\/strong>v\u00e1m pom\u016f\u017ee s ot\u00e1zkami na otev\u00edrac\u00ed dobu m\u00edst pro v\u00fddej hern\u00edch materi\u00e1l\u016f \u010di pokud naraz\u00edte na chyb\u011bj\u00edc\u00ed hern\u00ed prvek (odvezli kostel, chyb\u00ed cedulka apod.). <strong>Auto\u0159i hry<\/strong> ocen\u00ed p\u0159ipom\u00ednky k \u0161ifr\u00e1m nebo\u00a0zp\u011btnou vazbu ke h\u0159e.<\/p>    <\/div>\n<\/div>\n<\/div>\n\n<div class=\"lazyblock-cryptorace-contact-12FyIV wp-block-lazyblock-cryptorace-contact\"><div class=\"row mt-3 row justify-content-center\">\n    <div class=\"col-12 col-md-4 col-lg-4 col-xxl-3\">\n        <h2 class=\"mb-3\">Provozovatel hry<\/h2>\n        <ul>\n            <li><strong>Knihovna Eduarda Peti\u0161ky:<br\/>Michaela Ba\u0161teck\u00e1 <\/strong><\/li>\n            <li><i class=\"fa-solid fa-phone-volume\"><\/i> &nbsp; <a\n                        href=\"tel:+420 326 907 150\">+420 326 907 150<\/a>\n            <\/li>\n            <li><i class=\"fa-regular fa-envelope\"><\/i> &nbsp; <a\n                        href=\"mailto:info@knihovna.brandysnl.cz\">info@knihovna.brandysnl.cz<\/a>\n            <\/li>\n        <\/ul>\n    <\/div>\n    <div class=\"col col-md-8 col-lg-6 col-xxl-5 text-center border-bottom pt-5\">\n        <img decoding=\"async\" src=\"https:\/\/trails.cryptomania.cz\/brandys\/wp-content\/uploads\/sites\/106\/2024\/04\/cerne_png.png\"\n                 alt=\"Knihovna Eduarda Peti\u0161ky:<br\/>Michaela Ba\u0161teck\u00e1 &#8220; title=&#8220;Knihovna Eduarda Peti\u0161ky:<br\/>Michaela Ba\u0161teck\u00e1 &#8220;\n                 class=&#8220;img-fluid&#8220; style=&#8220;max-height: 400px;&#8220;>\n    <\/div>\n<\/div>\n<\/div>\n\n<div class=\"lazyblock-cryptorace-text-Z2vylBh wp-block-lazyblock-cryptorace-text\"><div class=\"row\">\n    <div class=\"col col-md-7 col-lg-6 col-xxl-5 offset-lg-1 offset-xxl-2\">\n        <p>\u00a0 \u00a0<\/p>    <\/div>\n<\/div>\n<\/div>\n\n<div class=\"lazyblock-cryptorace-contact-Z2dtUVJ wp-block-lazyblock-cryptorace-contact\"><div class=\"row mt-3 row justify-content-center\">\n    <div class=\"col-12 col-md-4 col-lg-4 col-xxl-3\">\n        <h2 class=\"mb-3\">Auto\u0159i hry<\/h2>\n        <ul>\n            <li><strong>t\u00fdm Cryptomania<\/strong><\/li>\n            <li><i class=\"fa-solid fa-phone-volume\"><\/i> &nbsp; <a\n                        href=\"tel:+420 773 723 443\">+420 773 723 443<\/a>\n            <\/li>\n            <li><i class=\"fa-regular fa-envelope\"><\/i> &nbsp; <a\n                        href=\"mailto:hry@cryptomania.cz\">hry@cryptomania.cz<\/a>\n            <\/li>\n        <\/ul>\n    <\/div>\n    <div class=\"col col-md-8 col-lg-6 col-xxl-5 text-center border-bottom pt-5\">\n        <img decoding=\"async\" src=\"https:\/\/trails.cryptomania.cz\/brandys\/wp-content\/uploads\/sites\/106\/2023\/01\/cryptoteam.png\"\n                 alt=\"t\u00fdm Cryptomania\" title=\"t\u00fdm Cryptomania\"\n                 class=\"img-fluid\" style=\"max-height: 400px;\">\n    <\/div>\n<\/div>\n<\/div>","protected":false},"excerpt":{"rendered":"","protected":false},"author":1,"featured_media":0,"parent":0,"menu_order":0,"comment_status":"closed","ping_status":"closed","template":"","meta":{"footnotes":""},"class_list":["post-14","page","type-page","status-publish","hentry"],"_links":{"self":[{"href":"https:\/\/trails.cryptomania.cz\/brandys\/wp-json\/wp\/v2\/pages\/14","targetHints":{"allow":["GET"]}}],"collection":[{"href":"https:\/\/trails.cryptomania.cz\/brandys\/wp-json\/wp\/v2\/pages"}],"about":[{"href":"https:\/\/trails.cryptomania.cz\/brandys\/wp-json\/wp\/v2\/types\/page"}],"author":[{"embeddable":true,"href":"https:\/\/trails.cryptomania.cz\/brandys\/wp-json\/wp\/v2\/users\/1"}],"replies":[{"embeddable":true,"href":"https:\/\/trails.cryptomania.cz\/brandys\/wp-json\/wp\/v2\/comments?post=14"}],"version-history":[{"count":22,"href":"https:\/\/trails.cryptomania.cz\/brandys\/wp-json\/wp\/v2\/pages\/14\/revisions"}],"predecessor-version":[{"id":307,"href":"https:\/\/trails.cryptomania.cz\/brandys\/wp-json\/wp\/v2\/pages\/14\/revisions\/307"}],"wp:attachment":[{"href":"https:\/\/trails.cryptomania.cz\/brandys\/wp-json\/wp\/v2\/media?parent=14"}],"curies":[{"name":"wp","href":"https:\/\/api.w.org\/{rel}","templated":true}]}}