{"id":10,"date":"2023-01-25T13:27:54","date_gmt":"2023-01-25T12:27:54","guid":{"rendered":"https:\/\/trails.cryptomania.cz\/brandys\/?page_id=10"},"modified":"2025-06-19T15:29:02","modified_gmt":"2025-06-19T13:29:02","slug":"o-hre","status":"publish","type":"page","link":"https:\/\/trails.cryptomania.cz\/brandys\/o-hre\/","title":{"rendered":"O h\u0159e"},"content":{"rendered":"<div class=\"lazyblock-cryptorace-perex-6oSEp wp-block-lazyblock-cryptorace-perex\"><div class=\"row mb-4\">\n    <div class=\"col col-lg-10 col-xxl-8 offset-lg-1 offset-xxl-2 text-perex\">\n        <p>Vydejte se na kr\u00e1tk\u00fd v\u00fdlet s panem Eduardem, konkr\u00e9tn\u011b s Eduardem Peti\u0161kou, spisovatelem, kter\u00fd se narodil p\u0159ed sto lety \u2013 14. kv\u011btna 1924. Pan Eduard miluje j\u00edzdu na kole a dneska na v\u00fdlet krom\u011b v\u00e1s bere i sv\u00e9ho syna Mart\u00ednka. Ano, toho Mart\u00ednka, kter\u00fd ope\u010dov\u00e1val jablo\u0148ku a kter\u00e9mu napsal \u010d\u00edtanku. Schv\u00e1ln\u011b, jak\u00e9 dal\u0161\u00ed kn\u00ed\u017eky jste od n\u011bj \u010detli? N\u011bjakou ur\u010dit\u011b najdete skoro v ka\u017ed\u00e9 knihovn\u011b u n\u00e1s.<\/p><p>I v na\u0161\u00ed knihovn\u011b, v Brand\u00fdse nad Labem, jeho kn\u00ed\u017eky najdete. Ostatn\u011b, cel\u00e1 knihovna se po panu Peti\u0161kovi jmenuje, byl to v\u00fdznamn\u00fd m\u00edstn\u00ed ob\u010dan. A k leto\u0161n\u00edmu v\u00fdznamn\u00e9mu jubileu jsme se rozhodli s n\u00edm a o n\u011bm ud\u011blat celou \u0161ifrovac\u00ed hru. Provedeme v\u00e1s na\u0161\u00edm soum\u011bst\u00edm Brand\u00fds nad Labem-Star\u00e1 Boleslav a nejstar\u0161\u00ed \u010deskou histori\u00ed, kter\u00e1 se u n\u00e1s nach\u00e1z\u00ed. Tak poj\u010fte, pan Eduard u\u017e vyj\u00ed\u017ed\u00ed!<\/p>    <\/div>\n<\/div>\n<\/div>\n\n<div class=\"lazyblock-cryptorace-two-cols-box-2susAX wp-block-lazyblock-cryptorace-two-cols-box\"><div class=\"row mb-3\">\n    <div class=\"col col-md-6 col-lg-5 col-xxl-4 offset-lg-1 offset-xxl-2\">\n        <h2>Jak hra funguje?<\/h2>\n<p>V na\u0161\u00ed h\u0159e se vyd\u00e1te po stop\u00e1ch \u010desk\u00fdch pov\u011bst\u00ed a historick\u00fdch ud\u00e1lost\u00ed tak, jak je <strong>vypr\u00e1v\u00ed Eduard Peti\u0161ka<\/strong>.&nbsp;<strong>V t\u00fdmu o 2\u20135 hr\u00e1\u010d\u00edch&nbsp;<\/strong>b\u011bhem n\u00ed projdete Brand\u00fds nad Labem a Starou Boleslav. <strong>Na 7 stanovi\u0161t\u00edch<\/strong> si p\u0159e\u010dtete poetick\u00e9 p\u0159\u00edb\u011bhy z&nbsp;d\u00e1vn\u00fdch dob. \u010cekaj\u00ed v\u00e1s <strong>\u0161ifry, logick\u00e9 \u00falohy a&nbsp;z\u00edsk\u00e1v\u00e1n\u00ed hesel<\/strong>.<\/p>\n<p>V\u017edy po zad\u00e1n\u00ed spr\u00e1vn\u00e9ho hesla do online hern\u00edho syst\u00e9mu se dozv\u00edte polohu dal\u0161\u00edho stanovi\u0161t\u011b. Ke h\u0159e tedy pot\u0159ebujete alespo\u0148 jeden <strong>telefon s p\u0159ipojen\u00edm k internetu<\/strong>.<\/p>\n<h2>Pro koho je ur\u010dena?<\/h2>\n<p><strong>Hra je ur\u010dena pro 2\u20135\u010dlenn\u00e9 t\u00fdmy. Je vhodn\u00e1 jak pro t\u00fdmy hrav\u00fdch dosp\u011bl\u00fdch, tak pro rodiny s d\u011btmi.<\/strong>&nbsp;Naplno si ji u\u017eij\u00ed d\u011bti cca od 10 let, nicm\u00e9n\u011b \u0161ikovn\u00ed rodi\u010de, u\u010ditel\u00e9 \u010di odd\u00edlov\u00ed vedouc\u00ed zapoj\u00ed ur\u010dit\u011b i mlad\u0161\u00ed d\u011bti.<\/p>\n<p>V p\u0159\u00edpad\u011b, \u017ee hru bude hr\u00e1t t\u00fdm d\u011bt\u00ed bez dosp\u011bl\u00fdch, doporu\u010dujeme ji d\u011btem asi od 12 let.&nbsp;<\/p>    <\/div>\n    <div class=\"col-12 col-md-6 col-lg-5 col-xxl-4\">\n        <div class=\"bg-box1 p-4 mb-3\">\n            <p><img loading=\"lazy\" decoding=\"async\" width=\"1210\" height=\"1028\" class=\"alignnone size-full wp-image-249 img-fluid\" src=\"https:\/\/trails.cryptomania.cz\/brandys\/wp-content\/uploads\/sites\/106\/2024\/04\/brandys-brozura-do-prehledu-her.png\" alt=\"\" srcset=\"https:\/\/trails.cryptomania.cz\/brandys\/wp-content\/uploads\/sites\/106\/2024\/04\/brandys-brozura-do-prehledu-her.png 1210w, https:\/\/trails.cryptomania.cz\/brandys\/wp-content\/uploads\/sites\/106\/2024\/04\/brandys-brozura-do-prehledu-her-300x255.png 300w, https:\/\/trails.cryptomania.cz\/brandys\/wp-content\/uploads\/sites\/106\/2024\/04\/brandys-brozura-do-prehledu-her-1024x870.png 1024w, https:\/\/trails.cryptomania.cz\/brandys\/wp-content\/uploads\/sites\/106\/2024\/04\/brandys-brozura-do-prehledu-her-768x652.png 768w\" sizes=\"auto, (max-width: 1210px) 100vw, 1210px\" \/><\/p>        <\/div>\n    <\/div>\n<\/div>\n<\/div>\n\n<div class=\"lazyblock-cryptorace-text-Z4rguL wp-block-lazyblock-cryptorace-text\"><div class=\"row\">\n    <div class=\"col col-md-7 col-lg-6 col-xxl-5 offset-lg-1 offset-xxl-2\">\n        <h2>Kde hra za\u010d\u00edn\u00e1?<\/h2>\n<p><!-- \/wp:heading -->\n\n<!-- wp:paragraph --><\/p>\n<p>M\u00e1te dv\u011b mo\u017enosti, kde hru za\u010d\u00edt:<\/p>\n<ol>\n<li>Z\u00e1meck\u00e1 ko\u010d\u00e1rovna, Plant\u00e1\u017e 2480, Brand\u00fds nad Labem. <strong>POZOR!<\/strong> Od 1. 7. dojde ke zm\u011bn\u011b m\u00edsta na Masarykovo n\u00e1m\u011bst\u00ed 97, Brand\u00fds nad Labem.<\/li>\n<li>Informa\u010dn\u00ed centrum, Jungmannova 468\/4, Star\u00e1 Boleslav.<\/li>\n<\/ol>    <\/div>\n<\/div>\n<\/div>\n\n\n<div class=\"row mb-4\">\n    <div class=\"col col-lg-10 col-xxl-8 offset-lg-1 offset-xxl-2 text-perex\">\n    <iframe loading=\"lazy\" style=\"border:none\" src=\"https:\/\/frame.mapy.cz\/s\/rakobukugu\" width=\"100%\" height=\"400\" frameborder=\"0\"><\/iframe>\n    <\/div>\n<\/div>\n\n\n<div class=\"lazyblock-cryptorace-text-173QkX wp-block-lazyblock-cryptorace-text\"><div class=\"row\">\n    <div class=\"col col-md-7 col-lg-6 col-xxl-5 offset-lg-1 offset-xxl-2\">\n        <h2>Jak dlouho hra trv\u00e1?<\/h2>\n<p><!-- \/wp:heading -->\n\n<!-- wp:paragraph --><\/p>\n<p>Hra \u0160ifry mistra Eduarda obsahuje 7 stanovi\u0161\u0165 a m\u00e1 d\u00e9lku necel\u00e9 2 km. Mysl\u00edme si, \u017ee hru je mo\u017en\u00e9 zvl\u00e1dnout za dv\u011b hodiny. Pokud v\u00e1s zaj\u00edm\u00e1, jak hru zvl\u00e1dly ostatn\u00ed t\u00fdmy, pod\u00edvejte se na jejich <a href=\"http:\/\/trails.cryptomania.cz\/brandys\/vysledky\">v\u00fdsledky<\/a>.<\/p>    <\/div>\n<\/div>\n<\/div>\n\n<div class=\"lazyblock-cryptorace-two-cols-box-15jcDu wp-block-lazyblock-cryptorace-two-cols-box\"><div class=\"row mb-3\">\n    <div class=\"col col-md-6 col-lg-5 col-xxl-4 offset-lg-1 offset-xxl-2\">\n        <p><!-- wp:lazyblock\/cryptorace-two-cols-box {\"crypto-text-levy\":\"\\u003ch2\\u003eCo pot\u0159ebujete ke h\u0159e:\\u003c\/h2\\u003e\\n\\u003col\\u003e\\n\\u003cli\\u003eP\u0159e\u010d\u00edst si \\u003ca href=\\u0022https:\/\/trails.cryptomania.cz\/susice\/pravidla\/\\u0022\\u003epravidla hry,\\u003c\/a\\u003e\\u003c\/li\\u003e\\n\\u003cli\\u003e\\u003ca href=\\u0022https:\/\/trails.cryptomania.cz\/susice\/registrace\/\\u0022\\u003ezaregistrovat t\u00fdm \\u003c\/a\\u003edo hry,\\u003c\/li\\u003e\\n\\u003cli\\u003evyzvednout si hern\u00ed materi\u00e1ly (\\u003cem\\u003ep\u0159e\u010dt\u011bte si v r\u00e1me\u010dku jak\u00e9 a\u00a0kde\\u003c\/em\\u003e),\\u003c\/li\\u003e\\n\\u003cli\\u003epsac\u00ed pot\u0159eby,\\u003c\/li\\u003e\\n\\u003cli\\u003ealespo\u0148 1 chytr\u00fd telefon s\u00a0p\u0159ipojen\u00edm na internet,\\u003c\/li\\u003e\\n\\u003cli\\u003easi dv\u011b hodiny va\u0161eho \u010dasu.\u00a0\\u003c\/li\\u003e\\n\\u003c\/ol\\u003e\\n\\u003cp\\u003e\\u003c!\\u002d\\u002d \/wp:heading \\u002d\\u002d\\u003e \\u003c!\\u002d\\u002d wp:paragraph \\u002d\\u002d\\u003e\\u003c\/p\\u003e\\n\\u003ch2\\u003ePro koho je hra ur\u010dena\\u003c\/h2\\u003e\\n\\u003cp\\u003e\\u003c!\\u002d\\u002d \/wp:heading \\u002d\\u002d\\u003e \\u003c!\\u002d\\u002d wp:paragraph \\u002d\\u002d\\u003e\\u003c\/p\\u003e\\n\\u003cp\\u003e\\u003cstrong\\u003eHra je ur\u010dena pro 2\u20135\u010dlenn\u00e9 t\u00fdmy. Je vhodn\u00e1 jak pro t\u00fdmy hrav\u00fdch dosp\u011bl\u00fdch, tak pro rodiny s d\u011btmi.\\u003c\/strong\\u003e Naplno si ji u\u017eij\u00ed d\u011bti cca od 10 let, nicm\u00e9n\u011b \u0161ikovn\u00ed rodi\u010de, u\u010ditel\u00e9 \u010di odd\u00edlov\u00ed vedouc\u00ed zapoj\u00ed ur\u010dit\u011b i mlad\u0161\u00ed d\u011bti.\\u003c\/p\\u003e\\n\\u003cp\\u003e\\u003c!\\u002d\\u002d \/wp:paragraph \\u002d\\u002d\\u003e \\u003c!\\u002d\\u002d wp:paragraph \\u002d\\u002d\\u003e\\u003c\/p\\u003e\\n\\u003cp\\u003eV\u00a0p\u0159\u00edpad\u011b, \u017ee hru bude hr\u00e1t t\u00fdm d\u011bt\u00ed bez dosp\u011bl\u00fdch, doporu\u010dujeme ji d\u011btem cca od 14 let.\u00a0\\u003c\/p\\u003e\",\"crypto-sedy-pravy\":\"\\u003ch2\\u003eKde z\u00edsk\u00e1te hern\u00ed materi\u00e1ly\\u003c\/h2\\u003e\\n\\u003cul\\u003e\\n\\u003cli\\u003eV \\u003ca href=\\u0022https:\/\/www.mestosusice.cz\/icsusice\/\\u0022 target=\\u0022_blank\\u0022 rel=\\u0022noopener\\u0022\\u003eM\u011bstsk\u00e9m informa\u010dn\u00edm centru Su\u0161ice\\u003c\/a\\u003e\\u003cbr \/\\u003e(Po\u0161tovn\u00ed 10, Su\u0161ice \u2013 \\u003ca href=\\u0022https:\/\/mapy.cz\/s\/dofovoraza\\u0022 target=\\u0022_blank\\u0022 rel=\\u0022noopener\\u0022\\u003emapa\\u003c\/a\\u003e)\\u003c\/li\\u003e\\n\\u003cli\\u003eV kancel\u00e1\u0159i \\u003ca href=\\u0022https:\/\/www.kulturasusice.cz\/kontakty\/\\u0022 target=\\u0022_blank\\u0022 rel=\\u0022noopener\\u0022\\u003eSu\u0161ick\u00e9ho kulturn\u00edho centra Sirkus\\u003c\/a\\u003e\\u003cbr \/\\u003e(P\u0159\u00edkopy 178, Su\u0161ice \u2013 \\u003ca href=\\u0022https:\/\/mapy.cz\/s\/cahucotefo\\u0022 target=\\u0022_blank\\u0022 rel=\\u0022noopener\\u0022\\u003emapa\\u003c\/a\\u003e)\\u003c\/li\\u003e\\n\\u003c\/ul\\u003e\\n\\u003ch2\\u003eHern\u00ed materi\u00e1ly obsahuj\u00ed\\u003c\/h2\\u003e\\n\\u003cul\\u003e\\n\\u003cli\\u003e\\u003cstrong\\u003eHern\u00ed bro\u017euru\\u003c\/strong\\u003e s\u00a0pravidly a\u00a0podklady k jednotliv\u00fdm \u00fakol\u016fm,\\u003c\/li\\u003e\\n\\u003cli\\u003e\\u003cstrong\\u003e1 krabi\u010dku sirek, \\u003c\/strong\\u003ebez kter\u00fdch se ve h\u0159e neobejdete.\\u003c\/li\\u003e\\n\\u003c\/ul\\u003e\",\"blockId\":\"1K7hhD\",\"blockUniqueClass\":\"lazyblock-cryptorace-two-cols-box-1K7hhD\"} \/-->\n\n<!-- wp:lazyblock\/cryptorace-two-cols-box {\"crypto-text-levy\":\"\\u003ch2\\u003eCo pot\u0159ebujete ke h\u0159e:\\u003c\/h2\\u003e\\n\\u003col\\u003e\\n\\u003cli\\u003eP\u0159e\u010d\u00edst si \\u003ca href=\\u0022https:\/\/trails.cryptomania.cz\/susice\/pravidla\/\\u0022\\u003epravidla hry,\\u003c\/a\\u003e\\u003c\/li\\u003e\\n\\u003cli\\u003e\\u003ca href=\\u0022https:\/\/trails.cryptomania.cz\/susice\/registrace\/\\u0022\\u003ezaregistrovat t\u00fdm \\u003c\/a\\u003edo hry,\\u003c\/li\\u003e\\n\\u003cli\\u003evyzvednout si hern\u00ed materi\u00e1ly (\\u003cem\\u003ep\u0159e\u010dt\u011bte si v r\u00e1me\u010dku jak\u00e9 a\u00a0kde\\u003c\/em\\u003e),\\u003c\/li\\u003e\\n\\u003cli\\u003epsac\u00ed pot\u0159eby,\\u003c\/li\\u003e\\n\\u003cli\\u003ealespo\u0148 1 chytr\u00fd telefon s\u00a0p\u0159ipojen\u00edm na internet,\\u003c\/li\\u003e\\n\\u003cli\\u003easi dv\u011b hodiny va\u0161eho \u010dasu.\u00a0\\u003c\/li\\u003e\\n\\u003c\/ol\\u003e\\n\\u003cp\\u003e\\u003c!\\u002d\\u002d \/wp:heading \\u002d\\u002d\\u003e \\u003c!\\u002d\\u002d wp:paragraph \\u002d\\u002d\\u003e\\u003c\/p\\u003e\\n\\u003ch2\\u003ePro koho je hra ur\u010dena\\u003c\/h2\\u003e\\n\\u003cp\\u003e\\u003c!\\u002d\\u002d \/wp:heading \\u002d\\u002d\\u003e \\u003c!\\u002d\\u002d wp:paragraph \\u002d\\u002d\\u003e\\u003c\/p\\u003e\\n\\u003cp\\u003e\\u003cstrong\\u003eHra je ur\u010dena pro 2\u20135\u010dlenn\u00e9 t\u00fdmy. Je vhodn\u00e1 jak pro t\u00fdmy hrav\u00fdch dosp\u011bl\u00fdch, tak pro rodiny s d\u011btmi.\\u003c\/strong\\u003e Naplno si ji u\u017eij\u00ed d\u011bti cca od 10 let, nicm\u00e9n\u011b \u0161ikovn\u00ed rodi\u010de, u\u010ditel\u00e9 \u010di odd\u00edlov\u00ed vedouc\u00ed zapoj\u00ed ur\u010dit\u011b i mlad\u0161\u00ed d\u011bti.\\u003c\/p\\u003e\\n\\u003cp\\u003e\\u003c!\\u002d\\u002d \/wp:paragraph \\u002d\\u002d\\u003e \\u003c!\\u002d\\u002d wp:paragraph \\u002d\\u002d\\u003e\\u003c\/p\\u003e\\n\\u003cp\\u003eV\u00a0p\u0159\u00edpad\u011b, \u017ee hru bude hr\u00e1t t\u00fdm d\u011bt\u00ed bez dosp\u011bl\u00fdch, doporu\u010dujeme ji d\u011btem cca od 14 let.\u00a0\\u003c\/p\\u003e\",\"crypto-sedy-pravy\":\"\\u003ch2\\u003eKde z\u00edsk\u00e1te hern\u00ed materi\u00e1ly\\u003c\/h2\\u003e\\n\\u003cul\\u003e\\n\\u003cli\\u003eV \\u003ca href=\\u0022https:\/\/www.mestosusice.cz\/icsusice\/\\u0022 target=\\u0022_blank\\u0022 rel=\\u0022noopener\\u0022\\u003eM\u011bstsk\u00e9m informa\u010dn\u00edm centru Su\u0161ice\\u003c\/a\\u003e\\u003cbr \/\\u003e(Po\u0161tovn\u00ed 10, Su\u0161ice \u2013 \\u003ca href=\\u0022https:\/\/mapy.cz\/s\/dofovoraza\\u0022 target=\\u0022_blank\\u0022 rel=\\u0022noopener\\u0022\\u003emapa\\u003c\/a\\u003e)\\u003c\/li\\u003e\\n\\u003cli\\u003eV kancel\u00e1\u0159i \\u003ca href=\\u0022https:\/\/www.kulturasusice.cz\/kontakty\/\\u0022 target=\\u0022_blank\\u0022 rel=\\u0022noopener\\u0022\\u003eSu\u0161ick\u00e9ho kulturn\u00edho centra Sirkus\\u003c\/a\\u003e\\u003cbr \/\\u003e(P\u0159\u00edkopy 178, Su\u0161ice \u2013 \\u003ca href=\\u0022https:\/\/mapy.cz\/s\/cahucotefo\\u0022 target=\\u0022_blank\\u0022 rel=\\u0022noopener\\u0022\\u003emapa\\u003c\/a\\u003e)\\u003c\/li\\u003e\\n\\u003c\/ul\\u003e\\n\\u003ch2\\u003eHern\u00ed materi\u00e1ly obsahuj\u00ed\\u003c\/h2\\u003e\\n\\u003cul\\u003e\\n\\u003cli\\u003e\\u003cstrong\\u003eHern\u00ed bro\u017euru\\u003c\/strong\\u003e s\u00a0pravidly a\u00a0podklady k jednotliv\u00fdm \u00fakol\u016fm,\\u003c\/li\\u003e\\n\\u003cli\\u003e\\u003cstrong\\u003e1 krabi\u010dku sirek, \\u003c\/strong\\u003ebez kter\u00fdch se ve h\u0159e neobejdete.\\u003c\/li\\u003e\\n\\u003c\/ul\\u003e\",\"blockId\":\"1K7hhD\",\"blockUniqueClass\":\"lazyblock-cryptorace-two-cols-box-1K7hhD\"} \/-->\n\n<!-- wp:lazyblock\/cryptorace-two-cols-box {\"crypto-text-levy\":\"\\u003ch2\\u003eCo pot\u0159ebujete ke h\u0159e:\\u003c\/h2\\u003e\\n\\u003col\\u003e\\n\\u003cli\\u003eP\u0159e\u010d\u00edst si \\u003ca href=\\u0022https:\/\/trails.cryptomania.cz\/susice\/pravidla\/\\u0022\\u003epravidla hry,\\u003c\/a\\u003e\\u003c\/li\\u003e\\n\\u003cli\\u003e\\u003ca href=\\u0022https:\/\/trails.cryptomania.cz\/susice\/registrace\/\\u0022\\u003ezaregistrovat t\u00fdm \\u003c\/a\\u003edo hry,\\u003c\/li\\u003e\\n\\u003cli\\u003evyzvednout si hern\u00ed materi\u00e1ly (\\u003cem\\u003ep\u0159e\u010dt\u011bte si v r\u00e1me\u010dku jak\u00e9 a\u00a0kde\\u003c\/em\\u003e),\\u003c\/li\\u003e\\n\\u003cli\\u003epsac\u00ed pot\u0159eby,\\u003c\/li\\u003e\\n\\u003cli\\u003ealespo\u0148 1 chytr\u00fd telefon s\u00a0p\u0159ipojen\u00edm na internet,\\u003c\/li\\u003e\\n\\u003cli\\u003easi dv\u011b hodiny va\u0161eho \u010dasu.\u00a0\\u003c\/li\\u003e\\n\\u003c\/ol\\u003e\\n\\u003cp\\u003e\\u003c!\\u002d\\u002d \/wp:heading \\u002d\\u002d\\u003e \\u003c!\\u002d\\u002d wp:paragraph \\u002d\\u002d\\u003e\\u003c\/p\\u003e\\n\\u003ch2\\u003ePro koho je hra ur\u010dena\\u003c\/h2\\u003e\\n\\u003cp\\u003e\\u003c!\\u002d\\u002d \/wp:heading \\u002d\\u002d\\u003e \\u003c!\\u002d\\u002d wp:paragraph \\u002d\\u002d\\u003e\\u003c\/p\\u003e\\n\\u003cp\\u003e\\u003cstrong\\u003eHra je ur\u010dena pro 2\u20135\u010dlenn\u00e9 t\u00fdmy. Je vhodn\u00e1 jak pro t\u00fdmy hrav\u00fdch dosp\u011bl\u00fdch, tak pro rodiny s d\u011btmi.\\u003c\/strong\\u003e Naplno si ji u\u017eij\u00ed d\u011bti cca od 10 let, nicm\u00e9n\u011b \u0161ikovn\u00ed rodi\u010de, u\u010ditel\u00e9 \u010di odd\u00edlov\u00ed vedouc\u00ed zapoj\u00ed ur\u010dit\u011b i mlad\u0161\u00ed d\u011bti.\\u003c\/p\\u003e\\n\\u003cp\\u003e\\u003c!\\u002d\\u002d \/wp:paragraph \\u002d\\u002d\\u003e \\u003c!\\u002d\\u002d wp:paragraph \\u002d\\u002d\\u003e\\u003c\/p\\u003e\\n\\u003cp\\u003eV\u00a0p\u0159\u00edpad\u011b, \u017ee hru bude hr\u00e1t t\u00fdm d\u011bt\u00ed bez dosp\u011bl\u00fdch, doporu\u010dujeme ji d\u011btem cca od 14 let.\u00a0\\u003c\/p\\u003e\",\"crypto-sedy-pravy\":\"\\u003ch2\\u003eKde z\u00edsk\u00e1te hern\u00ed materi\u00e1ly\\u003c\/h2\\u003e\\n\\u003cul\\u003e\\n\\u003cli\\u003eV \\u003ca href=\\u0022https:\/\/www.mestosusice.cz\/icsusice\/\\u0022 target=\\u0022_blank\\u0022 rel=\\u0022noopener\\u0022\\u003eM\u011bstsk\u00e9m informa\u010dn\u00edm centru Su\u0161ice\\u003c\/a\\u003e\\u003cbr \/\\u003e(Po\u0161tovn\u00ed 10, Su\u0161ice \u2013 \\u003ca href=\\u0022https:\/\/mapy.cz\/s\/dofovoraza\\u0022 target=\\u0022_blank\\u0022 rel=\\u0022noopener\\u0022\\u003emapa\\u003c\/a\\u003e)\\u003c\/li\\u003e\\n\\u003cli\\u003eV kancel\u00e1\u0159i \\u003ca href=\\u0022https:\/\/www.kulturasusice.cz\/kontakty\/\\u0022 target=\\u0022_blank\\u0022 rel=\\u0022noopener\\u0022\\u003eSu\u0161ick\u00e9ho kulturn\u00edho centra Sirkus\\u003c\/a\\u003e\\u003cbr \/\\u003e(P\u0159\u00edkopy 178, Su\u0161ice \u2013 \\u003ca href=\\u0022https:\/\/mapy.cz\/s\/cahucotefo\\u0022 target=\\u0022_blank\\u0022 rel=\\u0022noopener\\u0022\\u003emapa\\u003c\/a\\u003e)\\u003c\/li\\u003e\\n\\u003c\/ul\\u003e\\n\\u003ch2\\u003eHern\u00ed materi\u00e1ly obsahuj\u00ed\\u003c\/h2\\u003e\\n\\u003cul\\u003e\\n\\u003cli\\u003e\\u003cstrong\\u003eHern\u00ed bro\u017euru\\u003c\/strong\\u003e s\u00a0pravidly a\u00a0podklady k jednotliv\u00fdm \u00fakol\u016fm,\\u003c\/li\\u003e\\n\\u003cli\\u003e\\u003cstrong\\u003e1 krabi\u010dku sirek, \\u003c\/strong\\u003ebez kter\u00fdch se ve h\u0159e neobejdete.\\u003c\/li\\u003e\\n\\u003c\/ul\\u003e\",\"blockId\":\"1K7hhD\",\"blockUniqueClass\":\"lazyblock-cryptorace-two-cols-box-1K7hhD\"} \/--><\/p>\n<h2>Co je ke h\u0159e pot\u0159eba?<\/h2>\n<ol>\n<li>P\u0159e\u010d\u00edst si <a href=\"https:\/\/trails.cryptomania.cz\/brandys\/pravidla\/\">pravidla hry,<\/a><\/li>\n<li>m\u00edt v t\u00fdmu alespo\u0148 1 chytr\u00fd telefon s p\u0159ipojen\u00edm na internet,<\/li>\n<li>vz\u00edt si s sebou psac\u00ed pot\u0159eby,<\/li>\n<li>vyzvednout si hern\u00ed kartu (<em>p\u0159e\u010dt\u011bte si v r\u00e1me\u010dku kde<\/em>),<\/li>\n<li><a href=\"https:\/\/trails.cryptomania.cz\/brandys\/registrace\/\">zaregistrovat t\u00fdm <\/a>do hry.<\/li>\n<\/ol>    <\/div>\n    <div class=\"col-12 col-md-6 col-lg-5 col-xxl-4\">\n        <div class=\"bg-box1 p-4 mb-3\">\n            <h2>Kde z\u00edsk\u00e1te hern\u00ed materi\u00e1ly?<\/h2>\n<ul>\n<li>Z\u00e1meck\u00e1 ko\u010d\u00e1rovna<br \/>(Plant\u00e1\u017e 2480, Brand\u00fds nad Labem \u2013 <a href=\"https:\/\/mapy.cz\/s\/jufemebeja\" target=\"_blank\" rel=\"noopener\">mapa<\/a>)<\/li>\n<li><a href=\"https:\/\/www.staraboleslav.com\/turisticke-informacni-centrum\/\" target=\"_blank\" rel=\"noopener\">Informa\u010dn\u00ed centrum Star\u00e1 Boleslav<\/a><br \/>(Jungmannova 468\/4, Star\u00e1 Boleslav \u2013 <a href=\"https:\/\/mapy.cz\/s\/lusokafoja\" target=\"_blank\" rel=\"noopener\">mapa<\/a>)<\/li>\n<\/ul>\n<p><strong>POZOR! Od 1. 7. dojde v Brand\u00fdse nad Labem ke zm\u011bn\u011b m\u00edsta, kde z\u00edsk\u00e1te hern\u00ed materi\u00e1ly!<\/strong><\/p>        <\/div>\n    <\/div>\n<\/div>\n<\/div>\n\n<div class=\"lazyblock-cryptorace-text-ZjqCos wp-block-lazyblock-cryptorace-text\"><div class=\"row\">\n    <div class=\"col col-md-7 col-lg-6 col-xxl-5 offset-lg-1 offset-xxl-2\">\n        <h2>Kdo hru vytvo\u0159il?<\/h2>\n<p><!-- \/wp:heading -->\n\n<!-- wp:paragraph --><\/p>\n<p>Origin\u00e1ln\u00ed \u0161ifrovac\u00ed hru pro v\u00e1s p\u0159ipravila <a href=\"https:\/\/www.knihovna.brandysnl.cz\/\" target=\"_blank\" rel=\"noopener\">Knihovna Eduarda Peti\u0161ky<\/a> ve spolupr\u00e1ci s&nbsp;<a href=\"https:\/\/www.cryptomania.cz\/\">Cryptomania&nbsp;s.r.o.<\/a><\/p>\n<p><!-- \/wp:paragraph -->\n\n<!-- wp:paragraph --><\/p>\n<p>Pokud m\u00e1te ohledn\u011b hry n\u011bjak\u00e9 ot\u00e1zky, nev\u00e1hejte <a href=\"https:\/\/trails.cryptomania.cz\/vzor-zakazkovy\/kontakt\/\">n\u00e1s kontaktovat<\/a>.<\/p>\n<p><!-- \/wp:paragraph -->\n\n<!-- wp:paragraph --><\/p>\n<p style=\"text-align: left;\">U\u017eijte si lu\u0161t\u011bn\u00ed!<\/p>    <\/div>\n<\/div>\n<\/div>","protected":false},"excerpt":{"rendered":"","protected":false},"author":1,"featured_media":0,"parent":0,"menu_order":0,"comment_status":"closed","ping_status":"closed","template":"","meta":{"footnotes":""},"class_list":["post-10","page","type-page","status-publish","hentry"],"_links":{"self":[{"href":"https:\/\/trails.cryptomania.cz\/brandys\/wp-json\/wp\/v2\/pages\/10","targetHints":{"allow":["GET"]}}],"collection":[{"href":"https:\/\/trails.cryptomania.cz\/brandys\/wp-json\/wp\/v2\/pages"}],"about":[{"href":"https:\/\/trails.cryptomania.cz\/brandys\/wp-json\/wp\/v2\/types\/page"}],"author":[{"embeddable":true,"href":"https:\/\/trails.cryptomania.cz\/brandys\/wp-json\/wp\/v2\/users\/1"}],"replies":[{"embeddable":true,"href":"https:\/\/trails.cryptomania.cz\/brandys\/wp-json\/wp\/v2\/comments?post=10"}],"version-history":[{"count":47,"href":"https:\/\/trails.cryptomania.cz\/brandys\/wp-json\/wp\/v2\/pages\/10\/revisions"}],"predecessor-version":[{"id":346,"href":"https:\/\/trails.cryptomania.cz\/brandys\/wp-json\/wp\/v2\/pages\/10\/revisions\/346"}],"wp:attachment":[{"href":"https:\/\/trails.cryptomania.cz\/brandys\/wp-json\/wp\/v2\/media?parent=10"}],"curies":[{"name":"wp","href":"https:\/\/api.w.org\/{rel}","templated":true}]}}