{"id":89,"date":"2018-09-05T15:26:12","date_gmt":"2018-09-05T13:26:12","guid":{"rendered":"https:\/\/trails.cryptomania.cz\/bazen\/?page_id=89"},"modified":"2020-10-06T13:15:34","modified_gmt":"2020-10-06T11:15:34","slug":"vysledky-tymu","status":"publish","type":"page","link":"https:\/\/trails.cryptomania.cz\/bazen\/vysledky-tymu\/","title":{"rendered":"V\u00fdsledky t\u00fdm\u016f"},"content":{"rendered":"<p>[trail-results]<\/p>\n","protected":false},"excerpt":{"rendered":"<p>[trail-results]<\/p>\n","protected":false},"author":1,"featured_media":0,"parent":0,"menu_order":0,"comment_status":"closed","ping_status":"closed","template":"template-parts\/page-results-light.php","meta":{"footnotes":""},"class_list":["post-89","page","type-page","status-publish","hentry"],"_links":{"self":[{"href":"https:\/\/trails.cryptomania.cz\/bazen\/wp-json\/wp\/v2\/pages\/89","targetHints":{"allow":["GET"]}}],"collection":[{"href":"https:\/\/trails.cryptomania.cz\/bazen\/wp-json\/wp\/v2\/pages"}],"about":[{"href":"https:\/\/trails.cryptomania.cz\/bazen\/wp-json\/wp\/v2\/types\/page"}],"author":[{"embeddable":true,"href":"https:\/\/trails.cryptomania.cz\/bazen\/wp-json\/wp\/v2\/users\/1"}],"replies":[{"embeddable":true,"href":"https:\/\/trails.cryptomania.cz\/bazen\/wp-json\/wp\/v2\/comments?post=89"}],"version-history":[{"count":1,"href":"https:\/\/trails.cryptomania.cz\/bazen\/wp-json\/wp\/v2\/pages\/89\/revisions"}],"predecessor-version":[{"id":90,"href":"https:\/\/trails.cryptomania.cz\/bazen\/wp-json\/wp\/v2\/pages\/89\/revisions\/90"}],"wp:attachment":[{"href":"https:\/\/trails.cryptomania.cz\/bazen\/wp-json\/wp\/v2\/media?parent=89"}],"curies":[{"name":"wp","href":"https:\/\/api.w.org\/{rel}","templated":true}]}}