{"id":64,"date":"2018-07-04T10:12:40","date_gmt":"2018-07-04T08:12:40","guid":{"rendered":"https:\/\/trails.cryptomania.cz\/bazen\/?page_id=64"},"modified":"2024-02-26T17:02:25","modified_gmt":"2024-02-26T16:02:25","slug":"kontakt","status":"publish","type":"page","link":"https:\/\/trails.cryptomania.cz\/bazen\/kontakt\/","title":{"rendered":"Kontakt"},"content":{"rendered":"<div class=\"lazyblock-cryptorace-perex-21Y76S wp-block-lazyblock-cryptorace-perex\"><div class=\"row mb-4\">\n    <div class=\"col col-lg-10 col-xxl-8 offset-lg-1 offset-xxl-2 text-perex\">\n        <p>Hru pro v\u00e1s s l\u00e1skou p\u0159ipravili lid\u00e9 z <a href=\"http:\/\/www.ticbrno.cz\" target=\"_blank\" rel=\"noreferrer noopener\">TIC Brno<\/a> a <a href=\"http:\/\/www.cryptomania.cz\" data-type=\"link\" data-id=\"www.cryptomania.cz\">Cryptomania<\/a>.<\/p><p>R\u00e1di v\u00e1m pom\u016f\u017eeme s jak\u00fdmikoliv ot\u00e1zkami t\u00fdkaj\u00edc\u00ed se hry, ocen\u00edme p\u0159ipom\u00ednky k \u0161ifr\u00e1m, zp\u011btnou vazbu ke h\u0159e \u010di se n\u00e1m ur\u010dit\u011b ozv\u011bte, pokud naraz\u00edte na chyb\u011bj\u00edc\u00ed hern\u00ed prvek (odvezli kostel, chyb\u00ed cedulka apod.). <\/p>    <\/div>\n<\/div>\n<\/div>\n\n<div class=\"lazyblock-cryptorace-contact-1GkvTw wp-block-lazyblock-cryptorace-contact\"><div class=\"row mt-3 row justify-content-center\">\n    <div class=\"col-12 col-md-4 col-lg-4 col-xxl-3\">\n        <h2 class=\"mb-3\">Auto\u0159i hry<\/h2>\n        <ul>\n            <li><strong>T\u00fdm Cryptomania<\/strong><\/li>\n            <li><i class=\"fa-solid fa-phone-volume\"><\/i> &nbsp; <a\n                        href=\"tel:+420 773 723 443\">+420 773 723 443<\/a>\n            <\/li>\n            <li><i class=\"fa-regular fa-envelope\"><\/i> &nbsp; <a\n                        href=\"mailto:hry@cryptomania.cz\">hry@cryptomania.cz<\/a>\n            <\/li>\n        <\/ul>\n    <\/div>\n    <div class=\"col col-md-8 col-lg-6 col-xxl-5 text-center border-bottom pt-5\">\n        <img decoding=\"async\" src=\"https:\/\/trails.cryptomania.cz\/bazen\/wp-content\/uploads\/sites\/48\/2024\/02\/cryptoteam.png\"\n                 alt=\"T\u00fdm Cryptomania\" title=\"T\u00fdm Cryptomania\"\n                 class=\"img-fluid\" style=\"max-height: 400px;\">\n    <\/div>\n<\/div>\n<\/div>","protected":false},"excerpt":{"rendered":"","protected":false},"author":3,"featured_media":0,"parent":0,"menu_order":0,"comment_status":"closed","ping_status":"closed","template":"","meta":{"footnotes":""},"class_list":["post-64","page","type-page","status-publish","hentry"],"_links":{"self":[{"href":"https:\/\/trails.cryptomania.cz\/bazen\/wp-json\/wp\/v2\/pages\/64","targetHints":{"allow":["GET"]}}],"collection":[{"href":"https:\/\/trails.cryptomania.cz\/bazen\/wp-json\/wp\/v2\/pages"}],"about":[{"href":"https:\/\/trails.cryptomania.cz\/bazen\/wp-json\/wp\/v2\/types\/page"}],"author":[{"embeddable":true,"href":"https:\/\/trails.cryptomania.cz\/bazen\/wp-json\/wp\/v2\/users\/3"}],"replies":[{"embeddable":true,"href":"https:\/\/trails.cryptomania.cz\/bazen\/wp-json\/wp\/v2\/comments?post=64"}],"version-history":[{"count":7,"href":"https:\/\/trails.cryptomania.cz\/bazen\/wp-json\/wp\/v2\/pages\/64\/revisions"}],"predecessor-version":[{"id":179,"href":"https:\/\/trails.cryptomania.cz\/bazen\/wp-json\/wp\/v2\/pages\/64\/revisions\/179"}],"wp:attachment":[{"href":"https:\/\/trails.cryptomania.cz\/bazen\/wp-json\/wp\/v2\/media?parent=64"}],"curies":[{"name":"wp","href":"https:\/\/api.w.org\/{rel}","templated":true}]}}