{"id":329,"date":"2025-10-08T12:32:42","date_gmt":"2025-10-08T10:32:42","guid":{"rendered":"https:\/\/trails.cryptomania.cz\/artishere\/?page_id=329"},"modified":"2025-10-09T10:03:46","modified_gmt":"2025-10-09T08:03:46","slug":"o-hre","status":"publish","type":"page","link":"https:\/\/trails.cryptomania.cz\/artishere\/o-hre\/","title":{"rendered":"O h\u0159e"},"content":{"rendered":"<div class=\"row justify-content-center lazyblock-cryptomania-basic-column-Z1bTfvS wp-block-lazyblock-cryptomania-basic-column\">\n        <div class=\"col col-lg-10 col-xl-8 col-xxl-8\">\n            <div class=\"row\">\n                \n\n<p class=\"is-style-text-perex text-perex\">V\u00fdtvarn\u00e9 um\u011bn\u00ed je p\u0159\u00edb\u011bh. Tajemstv\u00ed, kter\u00e9 lze objevovat znova a znova. Um\u011bn\u00ed je \u0161ifra, k\u00f3d, \u0159e\u010d. A z\u00e1le\u017e\u00ed jen na n\u00e1s, kam n\u00e1s dovede. Um\u011bn\u00ed je cesta, kter\u00e1 nem\u00e1 \u017e\u00e1dn\u00fd za\u010d\u00e1tek ani konec. Jen n\u00e1vaznosti a souvislosti a \u010das. Sta\u010d\u00ed sko\u010dit rovn\u00fdma nohama na za\u010d\u00e1tek 20. stolet\u00ed. O\u010di ale nechte otev\u0159en\u00e9 \u2013 za\u010dneme tvary, sv\u011btlem a st\u00ednem.<\/p>\n\n\n            <\/div>\n        <\/div>\n    <\/div>\n\n<div class=\"row justify-content-center lazyblock-cryptomania-basic-column-17KXhM wp-block-lazyblock-cryptomania-basic-column\">\n        <div class=\"col col-lg-10 col-xl-8 col-xxl-8\">\n            <div class=\"row\">\n                \n<div class=\"col-12 col-lg-6 lazyblock-cryptomania-half-column-24Hf2t wp-block-lazyblock-cryptomania-half-column\">\n                <div class=\"lazyblock-inner-blocks\">\n\n<h2 class=\"wp-block-heading\">Jak hra funguje?<\/h2>\n\n\n\n<p class=\"\">V na\u0161\u00ed h\u0159e se vyd\u00e1te prozkoumat <strong>v\u00fdtvarn\u00e9 um\u011bn\u00ed za\u010d\u00e1tku 20. stolet\u00ed<\/strong>.&nbsp;<strong>V t\u00fdmu o 2\u20135 hr\u00e1\u010d\u00edch&nbsp;<\/strong>b\u011bhem n\u00ed projdete Pra\u017e\u00e1k\u016fv pal\u00e1c Moravsk\u00e9 galerie. <strong>Na 6 stanovi\u0161t\u00edch hry a 2 bonusov\u00fdch<\/strong> se dozv\u00edte, \u017ee um\u011bn\u00ed v sob\u011b skr\u00fdv\u00e1 opravdu hodn\u011b rovin a odhal\u00ed je jen t\u011bm, kte\u0159\u00ed se d\u00edvaj\u00ed opravdu pozorn\u011b. \u010cekaj\u00ed v\u00e1s <strong>\u0161ifry, logick\u00e9 \u00falohy a&nbsp;z\u00edsk\u00e1v\u00e1n\u00ed hesel<\/strong>.<\/p>\n\n\n\n<p class=\"\">V\u017edy po zad\u00e1n\u00ed spr\u00e1vn\u00e9ho hesla do online hern\u00edho syst\u00e9mu se dozv\u00edte polohu dal\u0161\u00edho stanovi\u0161t\u011b. Ke h\u0159e tedy pot\u0159ebujete alespo\u0148 jeden <strong>telefon s p\u0159ipojen\u00edm k internetu<\/strong>.<\/p>\n\n\n\n<h2 class=\"wp-block-heading\">Pro koho je ur\u010dena?<\/h2>\n\n\n\n<p class=\"\"><strong>Hra je ur\u010dena pro 2\u20135\u010dlenn\u00e9 t\u00fdmy. Je vhodn\u00e1 jak pro t\u00fdmy hrav\u00fdch dosp\u011bl\u00fdch.<\/strong>&nbsp;Naplno si ji u\u017eij\u00ed d\u011bti cca od 14 let, nicm\u00e9n\u011b \u0161ikovn\u00ed rodi\u010de, u\u010ditel\u00e9 \u010di odd\u00edlov\u00ed vedouc\u00ed zapoj\u00ed ur\u010dit\u011b i mlad\u0161\u00ed d\u011bti.<\/p>\n\n<\/div>\n    <\/div>\n\n<div class=\"col-12 col-lg-6 lazyblock-cryptomania-half-column-Zp09Ux wp-block-lazyblock-cryptomania-half-column\">\n                <div class=\"lazyblock-inner-blocks\">\n<div class=\"bg-sidebox-light p-4 mb-3 rounded-4 lazyblock-cryptomania-gray-box-ZcoF7p wp-block-lazyblock-cryptomania-gray-box\">\n                <div class=\"lazyblock-inner-blocks\">\n\n<figure class=\"wp-block-image size-full\"><img loading=\"lazy\" decoding=\"async\" width=\"800\" height=\"680\" src=\"https:\/\/trails.cryptomania.cz\/artishere\/wp-content\/uploads\/sites\/23\/2025\/10\/brozura-mobil-art-is-here-small.png\" alt=\"\" class=\"wp-image-391\" srcset=\"https:\/\/trails.cryptomania.cz\/artishere\/wp-content\/uploads\/sites\/23\/2025\/10\/brozura-mobil-art-is-here-small.png 800w, https:\/\/trails.cryptomania.cz\/artishere\/wp-content\/uploads\/sites\/23\/2025\/10\/brozura-mobil-art-is-here-small-300x255.png 300w, https:\/\/trails.cryptomania.cz\/artishere\/wp-content\/uploads\/sites\/23\/2025\/10\/brozura-mobil-art-is-here-small-768x653.png 768w\" sizes=\"auto, (max-width: 800px) 100vw, 800px\" \/><\/figure>\n\n<\/div>\n    <\/div>\n<\/div>\n    <\/div>\n\n            <\/div>\n        <\/div>\n    <\/div>\n\n<div class=\"row justify-content-center lazyblock-cryptomania-text-column-mVpxS wp-block-lazyblock-cryptomania-text-column\">\n        <div class=\"col col-lg-10 col-xl-8 col-xxl-8\">\n            <div class=\"row\">\n                <div class=\"col-12 col-lg-8 text-bigger mb-3 mt-2\">\n                    \n\n<h2 class=\"wp-block-heading\">Kde hra za\u010d\u00edn\u00e1?<\/h2>\n\n\n\n<p class=\"\">Hra za\u010d\u00edn\u00e1 v Moravsk\u00e9 galerii v Pra\u017e\u00e1kov\u011b pal\u00e1ci, adresa Husova 18, Brno.<\/p>\n\n\n                <\/div>\n            <\/div>\n        <\/div>\n    <\/div>\n\n<div class=\"row justify-content-center lazyblock-cryptomania-basic-column-Z20ucOm wp-block-lazyblock-cryptomania-basic-column\">\n        <div class=\"col col-lg-10 col-xl-8 col-xxl-8\">\n            <div class=\"row\">\n                \n<div style='position: relative;'><div title='49.1954219N, 16.6044350E' id='m61890' style='width: 100%; height: 400px;'><\/div><\/div><p class='text-end'><small><a href='https:\/\/mapy.cz\/turisticka?source=coor&id=16.604435%2C49.1954219&ds=2&x=16.604435&y=49.1954219&z=17' target='_blank'>Zobrazit na mapy.cz<\/a><\/small><\/p>\n\n\n            <\/div>\n        <\/div>\n    <\/div>\n\n<div class=\"row justify-content-center lazyblock-cryptomania-text-column-Z1jmx18 wp-block-lazyblock-cryptomania-text-column\">\n        <div class=\"col col-lg-10 col-xl-8 col-xxl-8\">\n            <div class=\"row\">\n                <div class=\"col-12 col-lg-8 text-bigger mb-3 mt-2\">\n                    \n\n<h2 class=\"wp-block-heading\">Jak dlouho hra trv\u00e1?<\/h2>\n\n\n\n<p class=\"\">Hra Art is here obsahuje 6 stanovi\u0161\u0165\u00a0hry a 2 bonusov\u00e9. Cel\u00e1 hra se odehr\u00e1v\u00e1 v budov\u011b Pra\u017e\u00e1kova pal\u00e1ce. Mysl\u00edme si, \u017ee hru je mo\u017en\u00e9 zvl\u00e1dnout za dv\u011b hodiny. Pokud v\u00e1s zaj\u00edm\u00e1, jak hru zvl\u00e1dly ostatn\u00ed t\u00fdmy, pod\u00edvejte se na jejich <a href=\"https:\/\/trails.cryptomania.cz\/artishere\/vysledky-tymu\/\">v\u00fdsledky<\/a>.<\/p>\n\n\n                <\/div>\n            <\/div>\n        <\/div>\n    <\/div>\n\n<div class=\"row justify-content-center lazyblock-cryptomania-basic-column-Zb025k wp-block-lazyblock-cryptomania-basic-column\">\n        <div class=\"col col-lg-10 col-xl-8 col-xxl-8\">\n            <div class=\"row\">\n                \n<div class=\"col-12 col-lg-6 lazyblock-cryptomania-half-column-ZFCtnd wp-block-lazyblock-cryptomania-half-column\">\n                <div class=\"lazyblock-inner-blocks\">\n\n<h2 class=\"wp-block-heading\">Co je ke h\u0159e pot\u0159eba?<\/h2>\n\n\n\n<ol class=\"wp-block-list\">\n<li>P\u0159e\u010d\u00edst si&nbsp;<a href=\"https:\/\/trails.cryptomania.cz\/artishere\/pravidla\/\">pravidla hry,<\/a><\/li>\n\n\n\n<li>m\u00edt v t\u00fdmu alespo\u0148 1 chytr\u00fd telefon s p\u0159ipojen\u00edm na internet,<\/li>\n\n\n\n<li>vz\u00edt si s sebou psac\u00ed pot\u0159eby,<\/li>\n\n\n\n<li>vyzvednout si hern\u00ed materi\u00e1ly (<em>p\u0159e\u010dt\u011bte si v r\u00e1me\u010dku jak\u00e9 a&nbsp;kde<\/em>),<\/li>\n\n\n\n<li><a href=\"https:\/\/trails.cryptomania.cz\/artishere\/registrace\/\">zaregistrovat t\u00fdm&nbsp;<\/a>do hry.<\/li>\n<\/ol>\n\n<\/div>\n    <\/div>\n\n<div class=\"col-12 col-lg-6 lazyblock-cryptomania-half-column-2earEz wp-block-lazyblock-cryptomania-half-column\">\n                <div class=\"lazyblock-inner-blocks\">\n<div class=\"bg-sidebox-light p-4 mb-3 rounded-4 lazyblock-cryptomania-gray-box-1goPoF wp-block-lazyblock-cryptomania-gray-box\">\n                <div class=\"lazyblock-inner-blocks\">\n\n<h2 class=\"wp-block-heading\">Kde z\u00edsk\u00e1te hern\u00ed materi\u00e1ly?<\/h2>\n\n\n\n<ul class=\"wp-block-list\">\n<li>Na pokladn\u011b <a href=\"https:\/\/moravska-galerie.cz\/kontakt\/prazakuv-palac\/\" target=\"_blank\" rel=\"noreferrer noopener\">Moravsk\u00e9 galerie v Pra\u017e\u00e1kov\u011b pal\u00e1ci<\/a><br>(Husova 18, Brno \u2013 <a href=\"https:\/\/mapy.com\/s\/gudazurepo\" target=\"_blank\" rel=\"noreferrer noopener\">mapa<\/a>)<\/li>\n<\/ul>\n\n\n\n<h2 class=\"wp-block-heading\">Co obsahuj\u00ed?<\/h2>\n\n\n\n<ul class=\"wp-block-list\">\n<li><strong>Hern\u00ed bro\u017euru<\/strong> s&nbsp;pravidly a&nbsp;podklady k jednotliv\u00fdm \u00fakol\u016fm.<\/li>\n<\/ul>\n\n<\/div>\n    <\/div>\n<\/div>\n    <\/div>\n\n            <\/div>\n        <\/div>\n    <\/div>\n\n<div class=\"row justify-content-center lazyblock-cryptomania-text-column-ZH8DrX wp-block-lazyblock-cryptomania-text-column\">\n        <div class=\"col col-lg-10 col-xl-8 col-xxl-8\">\n            <div class=\"row\">\n                <div class=\"col-12 col-lg-8 text-bigger mb-3 mt-2\">\n                    \n\n<h2 class=\"wp-block-heading\">Kdo hru vytvo\u0159il?<\/h2>\n\n\n\n<p class=\"\">Origin\u00e1ln\u00ed \u0161ifrovac\u00ed hru pro v\u00e1s p\u0159ipravila <a href=\"https:\/\/moravska-galerie.cz\/\" target=\"_blank\" rel=\"noreferrer noopener\">Moravsk\u00e1 galerie<\/a> ve spolupr\u00e1ci s&nbsp;<a href=\"https:\/\/www.cryptomania.cz\/\">Cryptomania s.r.o.<\/a><\/p>\n\n\n\n<p class=\"\">Pokud m\u00e1te ohledn\u011b hry n\u011bjak\u00e9 ot\u00e1zky, nev\u00e1hejte <a href=\"https:\/\/trails.cryptomania.cz\/artishere\/kontakt\/\">n\u00e1s kontaktovat<\/a>.<\/p>\n\n\n\n<p class=\"\">U\u017eijte si lu\u0161t\u011bn\u00ed!<\/p>\n\n\n                <\/div>\n            <\/div>\n        <\/div>\n    <\/div>\n\n\n<h2 class=\"wp-block-heading\"><\/h2>\n","protected":false},"excerpt":{"rendered":"","protected":false},"author":82,"featured_media":0,"parent":0,"menu_order":0,"comment_status":"closed","ping_status":"closed","template":"","meta":{"footnotes":""},"class_list":["post-329","page","type-page","status-publish","hentry"],"_links":{"self":[{"href":"https:\/\/trails.cryptomania.cz\/artishere\/wp-json\/wp\/v2\/pages\/329","targetHints":{"allow":["GET"]}}],"collection":[{"href":"https:\/\/trails.cryptomania.cz\/artishere\/wp-json\/wp\/v2\/pages"}],"about":[{"href":"https:\/\/trails.cryptomania.cz\/artishere\/wp-json\/wp\/v2\/types\/page"}],"author":[{"embeddable":true,"href":"https:\/\/trails.cryptomania.cz\/artishere\/wp-json\/wp\/v2\/users\/82"}],"replies":[{"embeddable":true,"href":"https:\/\/trails.cryptomania.cz\/artishere\/wp-json\/wp\/v2\/comments?post=329"}],"version-history":[{"count":11,"href":"https:\/\/trails.cryptomania.cz\/artishere\/wp-json\/wp\/v2\/pages\/329\/revisions"}],"predecessor-version":[{"id":437,"href":"https:\/\/trails.cryptomania.cz\/artishere\/wp-json\/wp\/v2\/pages\/329\/revisions\/437"}],"wp:attachment":[{"href":"https:\/\/trails.cryptomania.cz\/artishere\/wp-json\/wp\/v2\/media?parent=329"}],"curies":[{"name":"wp","href":"https:\/\/api.w.org\/{rel}","templated":true}]}}